{"id":1278,"date":"2026-04-08T20:09:39","date_gmt":"2026-04-08T20:09:39","guid":{"rendered":"https:\/\/fondationbernaar.org\/?page_id=1278"},"modified":"2026-04-09T19:58:28","modified_gmt":"2026-04-09T19:58:28","slug":"clinique-du-cancer-saint-francois-de-sales-ccsfs","status":"publish","type":"page","link":"https:\/\/fondationbernaar.org\/ht\/clinique-du-cancer-saint-francois-de-sales-ccsfs\/","title":{"rendered":"Klinik Kans\u00e8 Sen Franswa Sal"},"content":{"rendered":"<div data-elementor-type=\"wp-page\" data-elementor-id=\"1278\" class=\"elementor elementor-1278\" data-elementor-post-type=\"page\">\n\t\t\t\t<header class=\"elementor-element elementor-element-1614f796 e-con-full e-flex e-con e-parent\" data-id=\"1614f796\" data-element_type=\"container\" data-e-type=\"container\">\n\t\t<div class=\"elementor-element elementor-element-7d8b5baf e-con-full e-flex e-con e-child\" data-id=\"7d8b5baf\" data-element_type=\"container\" data-e-type=\"container\">\n\t\t\t\t<div class=\"elementor-element elementor-element-46e1a9a3 elementor-widget elementor-widget-image\" data-id=\"46e1a9a3\" data-element_type=\"widget\" data-e-type=\"widget\" data-widget_type=\"image.default\">\n\t\t\t\t\t\t\t\t\t\t\t\t\t\t\t\t<a href=\"https:\/\/www.facebook.com\/OncologieSFS\">\n\t\t\t\t\t\t\t<img decoding=\"async\" width=\"212\" height=\"86\" src=\"https:\/\/fondationbernaar.org\/wp-content\/uploads\/2026\/04\/Logo.png\" class=\"attachment-full size-full wp-image-1288\" alt=\"\" srcset=\"https:\/\/fondationbernaar.org\/wp-content\/uploads\/2026\/04\/Logo.png 212w, https:\/\/fondationbernaar.org\/wp-content\/uploads\/2026\/04\/Logo-18x7.png 18w\" sizes=\"(max-width: 212px) 100vw, 212px\" \/>\t\t\t\t\t\t\t\t<\/a>\n\t\t\t\t\t\t\t\t\t\t\t\t\t\t\t<\/div>\n\t\t\t\t<\/div>\n\t\t\t\t<\/header>\n\t\t<div class=\"elementor-element elementor-element-19144207 e-con-full e-flex e-con e-parent\" data-id=\"19144207\" data-element_type=\"container\" data-e-type=\"container\" data-settings=\"{&quot;background_background&quot;:&quot;classic&quot;}\">\n\t\t<div class=\"elementor-element elementor-element-6bab0166 e-con-full e-flex e-con e-child\" data-id=\"6bab0166\" data-element_type=\"container\" data-e-type=\"container\">\n\t\t\t\t<div class=\"elementor-element elementor-element-52b7bd31 elementor-widget elementor-widget-heading\" data-id=\"52b7bd31\" data-element_type=\"widget\" data-e-type=\"widget\" data-widget_type=\"heading.default\">\n\t\t\t\t\t<h1 class=\"elementor-heading-title elementor-size-default\"><a href=\"https:\/\/www.facebook.com\/OncologieSFS\">Klinik Kans\u00e8 Sen Franswa Sal<\/a><\/h1>\t\t\t\t<\/div>\n\t\t\t\t<div class=\"elementor-element elementor-element-481854f9 elementor-widget elementor-widget-text-editor\" data-id=\"481854f9\" data-element_type=\"widget\" data-e-type=\"widget\" data-widget_type=\"text-editor.default\">\n\t\t\t\t\t\t\t\t\t<ul><li>Ci-devant le D\u00e9partement d\u2019Oncologie de l\u2019H\u00f4pital Saint Fran\u00e7ois de Sales<br \/>(HSFS).<\/li><li>Inaugur\u00e9 le 17 mai 2022.<\/li><li>Rebaptis\u00e9 Clinique du Cancer Saint Fran\u00e7ois de Sales en mars 2024 suite au<br \/>pillage de l\u2019H\u00f4pital Saint Francois de Sales (HSFS).<\/li><\/ul>\t\t\t\t\t\t\t\t<\/div>\n\t\t\t\t<\/div>\n\t\t<div class=\"elementor-element elementor-element-55d7ec19 e-con-full e-flex e-con e-child\" data-id=\"55d7ec19\" data-element_type=\"container\" data-e-type=\"container\">\n\t\t\t\t<div class=\"elementor-element elementor-element-7a907923 elementor-widget elementor-widget-image\" data-id=\"7a907923\" data-element_type=\"widget\" data-e-type=\"widget\" data-widget_type=\"image.default\">\n\t\t\t\t\t\t\t\t\t\t\t\t\t\t\t\t<a href=\"https:\/\/www.facebook.com\/OncologieSFS\">\n\t\t\t\t\t\t\t<img fetchpriority=\"high\" decoding=\"async\" width=\"800\" height=\"600\" src=\"https:\/\/fondationbernaar.org\/wp-content\/uploads\/2026\/04\/623413962_871719222279000_5137948737116373134_n.jpg\" class=\"attachment-large size-large wp-image-1459\" alt=\"\" srcset=\"https:\/\/fondationbernaar.org\/wp-content\/uploads\/2026\/04\/623413962_871719222279000_5137948737116373134_n.jpg 960w, https:\/\/fondationbernaar.org\/wp-content\/uploads\/2026\/04\/623413962_871719222279000_5137948737116373134_n-300x225.jpg 300w, https:\/\/fondationbernaar.org\/wp-content\/uploads\/2026\/04\/623413962_871719222279000_5137948737116373134_n-768x576.jpg 768w, https:\/\/fondationbernaar.org\/wp-content\/uploads\/2026\/04\/623413962_871719222279000_5137948737116373134_n-16x12.jpg 16w, https:\/\/fondationbernaar.org\/wp-content\/uploads\/2026\/04\/623413962_871719222279000_5137948737116373134_n-600x450.jpg 600w\" sizes=\"(max-width: 800px) 100vw, 800px\" \/>\t\t\t\t\t\t\t\t<\/a>\n\t\t\t\t\t\t\t\t\t\t\t\t\t\t\t<\/div>\n\t\t\t\t<\/div>\n\t\t\t\t<\/div>\n\t\t<div class=\"elementor-element elementor-element-71384c22 e-con-full e-flex e-con e-parent\" data-id=\"71384c22\" data-element_type=\"container\" data-e-type=\"container\" id=\"next\">\n\t\t\t\t<div class=\"elementor-element elementor-element-7d377e89 elementor-widget elementor-widget-heading\" data-id=\"7d377e89\" data-element_type=\"widget\" data-e-type=\"widget\" data-widget_type=\"heading.default\">\n\t\t\t\t\t<h3 class=\"elementor-heading-title elementor-size-default\">Statistiques de la CCSFS<\/h3>\t\t\t\t<\/div>\n\t\t<div class=\"elementor-element elementor-element-76d05a4e e-con-full e-flex e-con e-child\" data-id=\"76d05a4e\" data-element_type=\"container\" data-e-type=\"container\">\n\t\t<div class=\"elementor-element elementor-element-422c351d e-con-full e-flex e-con e-child\" data-id=\"422c351d\" data-element_type=\"container\" data-e-type=\"container\">\n\t\t\t\t<div class=\"elementor-element elementor-element-46d4a0b elementor-position-top elementor-widget elementor-widget-image-box\" data-id=\"46d4a0b\" data-element_type=\"widget\" data-e-type=\"widget\" data-widget_type=\"image-box.default\">\n\t\t\t\t\t<div class=\"elementor-image-box-wrapper\"><figure class=\"elementor-image-box-img\"><a href=\"https:\/\/fondationbernaar.org\/wp-content\/uploads\/2026\/04\/Statistiques-cancers-HSFS-ONCO-2022.pdf\" tabindex=\"-1\"><img decoding=\"async\" width=\"212\" height=\"86\" src=\"https:\/\/fondationbernaar.org\/wp-content\/uploads\/2026\/04\/Logo.png\" class=\"elementor-animation-grow attachment-full size-full wp-image-1288\" alt=\"\" srcset=\"https:\/\/fondationbernaar.org\/wp-content\/uploads\/2026\/04\/Logo.png 212w, https:\/\/fondationbernaar.org\/wp-content\/uploads\/2026\/04\/Logo-18x7.png 18w\" sizes=\"(max-width: 212px) 100vw, 212px\" \/><\/a><\/figure><div class=\"elementor-image-box-content\"><h4 class=\"elementor-image-box-title\"><a href=\"https:\/\/fondationbernaar.org\/wp-content\/uploads\/2026\/04\/Statistiques-cancers-HSFS-ONCO-2022.pdf\">Ann\u00e9e 2022<\/a><\/h4><\/div><\/div>\t\t\t\t<\/div>\n\t\t\t\t<\/div>\n\t\t<div class=\"elementor-element elementor-element-3c91e52f e-con-full e-flex e-con e-child\" data-id=\"3c91e52f\" data-element_type=\"container\" data-e-type=\"container\">\n\t\t\t\t<div class=\"elementor-element elementor-element-66263c64 elementor-position-top elementor-widget elementor-widget-image-box\" data-id=\"66263c64\" data-element_type=\"widget\" data-e-type=\"widget\" data-widget_type=\"image-box.default\">\n\t\t\t\t\t<div class=\"elementor-image-box-wrapper\"><figure class=\"elementor-image-box-img\"><a href=\"https:\/\/fondationbernaar.org\/wp-content\/uploads\/2026\/04\/Statistiques-cancers-HSFS-ONCO-2023.pdf\" tabindex=\"-1\"><img decoding=\"async\" width=\"212\" height=\"86\" src=\"https:\/\/fondationbernaar.org\/wp-content\/uploads\/2026\/04\/Logo.png\" class=\"elementor-animation-grow attachment-full size-full wp-image-1288\" alt=\"\" srcset=\"https:\/\/fondationbernaar.org\/wp-content\/uploads\/2026\/04\/Logo.png 212w, https:\/\/fondationbernaar.org\/wp-content\/uploads\/2026\/04\/Logo-18x7.png 18w\" sizes=\"(max-width: 212px) 100vw, 212px\" \/><\/a><\/figure><div class=\"elementor-image-box-content\"><h4 class=\"elementor-image-box-title\"><a href=\"https:\/\/fondationbernaar.org\/wp-content\/uploads\/2026\/04\/Statistiques-cancers-HSFS-ONCO-2023.pdf\">Ann\u00e9e 2023<\/a><\/h4><\/div><\/div>\t\t\t\t<\/div>\n\t\t\t\t<\/div>\n\t\t<div class=\"elementor-element elementor-element-4c122856 e-con-full e-flex e-con e-child\" data-id=\"4c122856\" data-element_type=\"container\" data-e-type=\"container\">\n\t\t\t\t<div class=\"elementor-element elementor-element-51a7a973 elementor-position-top elementor-widget elementor-widget-image-box\" data-id=\"51a7a973\" data-element_type=\"widget\" data-e-type=\"widget\" data-widget_type=\"image-box.default\">\n\t\t\t\t\t<div class=\"elementor-image-box-wrapper\"><figure class=\"elementor-image-box-img\"><a href=\"https:\/\/fondationbernaar.org\/wp-content\/uploads\/2026\/04\/Statistiques-cancers-CCSFS-2024.pdf\" tabindex=\"-1\"><img decoding=\"async\" width=\"212\" height=\"86\" src=\"https:\/\/fondationbernaar.org\/wp-content\/uploads\/2026\/04\/Logo.png\" class=\"elementor-animation-grow attachment-full size-full wp-image-1288\" alt=\"\" srcset=\"https:\/\/fondationbernaar.org\/wp-content\/uploads\/2026\/04\/Logo.png 212w, https:\/\/fondationbernaar.org\/wp-content\/uploads\/2026\/04\/Logo-18x7.png 18w\" sizes=\"(max-width: 212px) 100vw, 212px\" \/><\/a><\/figure><div class=\"elementor-image-box-content\"><h4 class=\"elementor-image-box-title\"><a href=\"https:\/\/fondationbernaar.org\/wp-content\/uploads\/2026\/04\/Statistiques-cancers-CCSFS-2024.pdf\">Ann\u00e9e 2024<\/a><\/h4><\/div><\/div>\t\t\t\t<\/div>\n\t\t\t\t<\/div>\n\t\t<div class=\"elementor-element elementor-element-2eb09f64 e-con-full e-flex e-con e-child\" data-id=\"2eb09f64\" data-element_type=\"container\" data-e-type=\"container\">\n\t\t\t\t<div class=\"elementor-element elementor-element-56c23c03 elementor-position-top elementor-widget elementor-widget-image-box\" data-id=\"56c23c03\" data-element_type=\"widget\" data-e-type=\"widget\" data-widget_type=\"image-box.default\">\n\t\t\t\t\t<div class=\"elementor-image-box-wrapper\"><figure class=\"elementor-image-box-img\"><a href=\"https:\/\/fondationbernaar.org\/wp-content\/uploads\/2026\/04\/Statistiques-cancers-CCSFS-2025.pdf\" tabindex=\"-1\"><img decoding=\"async\" width=\"212\" height=\"86\" src=\"https:\/\/fondationbernaar.org\/wp-content\/uploads\/2026\/04\/Logo.png\" class=\"elementor-animation-grow attachment-full size-full wp-image-1288\" alt=\"\" srcset=\"https:\/\/fondationbernaar.org\/wp-content\/uploads\/2026\/04\/Logo.png 212w, https:\/\/fondationbernaar.org\/wp-content\/uploads\/2026\/04\/Logo-18x7.png 18w\" sizes=\"(max-width: 212px) 100vw, 212px\" \/><\/a><\/figure><div class=\"elementor-image-box-content\"><h4 class=\"elementor-image-box-title\"><a href=\"https:\/\/fondationbernaar.org\/wp-content\/uploads\/2026\/04\/Statistiques-cancers-CCSFS-2025.pdf\">Ann\u00e9e 2025<\/a><\/h4><\/div><\/div>\t\t\t\t<\/div>\n\t\t\t\t<\/div>\n\t\t\t\t<\/div>\n\t\t\t\t<\/div>\n\t\t<footer class=\"elementor-element elementor-element-6306864a e-con-full e-flex e-con e-parent\" data-id=\"6306864a\" data-element_type=\"container\" data-e-type=\"container\">\n\t\t<div class=\"elementor-element elementor-element-528d0095 e-con-full e-flex e-con e-child\" data-id=\"528d0095\" data-element_type=\"container\" data-e-type=\"container\">\n\t\t\t\t<div class=\"elementor-element elementor-element-362b5f1 elementor-icon-list--layout-inline elementor-tablet-align-center elementor-align-center elementor-list-item-link-full_width elementor-widget elementor-widget-icon-list\" data-id=\"362b5f1\" data-element_type=\"widget\" data-e-type=\"widget\" data-widget_type=\"icon-list.default\">\n\t\t\t\t\t\t\t<ul class=\"elementor-icon-list-items elementor-inline-items\">\n\t\t\t\t\t\t\t<li class=\"elementor-icon-list-item elementor-inline-item\">\n\t\t\t\t\t\t\t\t\t\t<span class=\"elementor-icon-list-text\">+(509)3766-9495 \/ +(509) 5596-5661 \/ +(509)2948-9090<\/span>\n\t\t\t\t\t\t\t\t\t<\/li>\n\t\t\t\t\t\t\t\t<li class=\"elementor-icon-list-item elementor-inline-item\">\n\t\t\t\t\t\t\t\t\t\t<span class=\"elementor-icon-list-text\">156B Avenue Jean Paul II, Turgeau, Port-au-Prince, Hayti<\/span>\n\t\t\t\t\t\t\t\t\t<\/li>\n\t\t\t\t\t\t<\/ul>\n\t\t\t\t\t\t<\/div>\n\t\t\t\t<\/div>\n\t\t\t\t<\/footer>\n\t\t\t\t<\/div>","protected":false},"excerpt":{"rendered":"<p>Clinique du Cancer Saint Fran\u00e7ois de Sales (CCSFS) Ci-devant le D\u00e9partement d\u2019Oncologie de l\u2019H\u00f4pital Saint Fran\u00e7ois de Sales(HSFS). Inaugur\u00e9 le 17 mai 2022. Rebaptis\u00e9 Clinique du Cancer Saint Fran\u00e7ois de Sales en mars 2024 suite aupillage de l\u2019H\u00f4pital Saint Francois de Sales (HSFS). Statistiques de la CCSFS Ann\u00e9e 2022 Ann\u00e9e 2023 Ann\u00e9e 2024 Ann\u00e9e 2025 [&hellip;]<\/p>\n","protected":false},"author":1,"featured_media":0,"parent":0,"menu_order":0,"comment_status":"closed","ping_status":"closed","template":"","meta":{"footnotes":""},"class_list":["post-1278","page","type-page","status-publish","hentry"],"_hostinger_reach_plugin_has_subscription_block":false,"_hostinger_reach_plugin_is_elementor":false,"_links":{"self":[{"href":"https:\/\/fondationbernaar.org\/ht\/wp-json\/wp\/v2\/pages\/1278","targetHints":{"allow":["GET"]}}],"collection":[{"href":"https:\/\/fondationbernaar.org\/ht\/wp-json\/wp\/v2\/pages"}],"about":[{"href":"https:\/\/fondationbernaar.org\/ht\/wp-json\/wp\/v2\/types\/page"}],"author":[{"embeddable":true,"href":"https:\/\/fondationbernaar.org\/ht\/wp-json\/wp\/v2\/users\/1"}],"replies":[{"embeddable":true,"href":"https:\/\/fondationbernaar.org\/ht\/wp-json\/wp\/v2\/comments?post=1278"}],"version-history":[{"count":76,"href":"https:\/\/fondationbernaar.org\/ht\/wp-json\/wp\/v2\/pages\/1278\/revisions"}],"predecessor-version":[{"id":1540,"href":"https:\/\/fondationbernaar.org\/ht\/wp-json\/wp\/v2\/pages\/1278\/revisions\/1540"}],"wp:attachment":[{"href":"https:\/\/fondationbernaar.org\/ht\/wp-json\/wp\/v2\/media?parent=1278"}],"curies":[{"name":"wp","href":"https:\/\/api.w.org\/{rel}","templated":true}]}}