{"id":1356,"date":"2026-04-09T07:31:57","date_gmt":"2026-04-09T07:31:57","guid":{"rendered":"https:\/\/fondationbernaar.org\/?page_id=1356"},"modified":"2026-04-09T19:59:04","modified_gmt":"2026-04-09T19:59:04","slug":"clinique-du-cancer-saint-peregrin-ccsp","status":"publish","type":"page","link":"https:\/\/fondationbernaar.org\/ht\/clinique-du-cancer-saint-peregrin-ccsp\/","title":{"rendered":"Klinik Kans\u00e8 Sen Peregren"},"content":{"rendered":"<div data-elementor-type=\"wp-page\" data-elementor-id=\"1356\" class=\"elementor elementor-1356\" data-elementor-post-type=\"page\">\n\t\t\t\t<div class=\"elementor-element elementor-element-3c68cd39 e-flex e-con-boxed e-con e-parent\" data-id=\"3c68cd39\" data-element_type=\"container\" data-e-type=\"container\">\n\t\t\t\t\t<div class=\"e-con-inner\">\n\t\t<header class=\"elementor-element elementor-element-56266461 e-con-full e-flex e-con e-child\" data-id=\"56266461\" data-element_type=\"container\" data-e-type=\"container\">\n\t\t<div class=\"elementor-element elementor-element-52849749 e-con-full e-flex e-con e-child\" data-id=\"52849749\" data-element_type=\"container\" data-e-type=\"container\">\n\t\t\t\t<div class=\"elementor-element elementor-element-6ac90396 elementor-widget elementor-widget-image\" data-id=\"6ac90396\" data-element_type=\"widget\" data-e-type=\"widget\" data-widget_type=\"image.default\">\n\t\t\t\t\t\t\t\t\t\t\t\t\t\t\t\t<a href=\"https:\/\/www.facebook.com\/profile.php?id=61579268980769\">\n\t\t\t\t\t\t\t<img decoding=\"async\" width=\"189\" height=\"68\" src=\"https:\/\/fondationbernaar.org\/wp-content\/uploads\/2026\/04\/CCSP.png\" class=\"attachment-full size-full wp-image-1371\" alt=\"\" srcset=\"https:\/\/fondationbernaar.org\/wp-content\/uploads\/2026\/04\/CCSP.png 189w, https:\/\/fondationbernaar.org\/wp-content\/uploads\/2026\/04\/CCSP-18x6.png 18w\" sizes=\"(max-width: 189px) 100vw, 189px\" \/>\t\t\t\t\t\t\t\t<\/a>\n\t\t\t\t\t\t\t\t\t\t\t\t\t\t\t<\/div>\n\t\t\t\t<\/div>\n\t\t\t\t<\/header>\n\t\t<div class=\"elementor-element elementor-element-7d04761f e-con-full e-flex e-con e-child\" data-id=\"7d04761f\" data-element_type=\"container\" data-e-type=\"container\" data-settings=\"{&quot;background_background&quot;:&quot;classic&quot;}\">\n\t\t<div class=\"elementor-element elementor-element-624bfec6 e-con-full e-flex e-con e-child\" data-id=\"624bfec6\" data-element_type=\"container\" data-e-type=\"container\">\n\t\t\t\t<div class=\"elementor-element elementor-element-10167143 elementor-widget elementor-widget-heading\" data-id=\"10167143\" data-element_type=\"widget\" data-e-type=\"widget\" data-widget_type=\"heading.default\">\n\t\t\t\t\t<h1 class=\"elementor-heading-title elementor-size-default\"><a href=\"https:\/\/www.facebook.com\/profile.php?id=61579268980769\">Klinik Kans\u00e8 Sen Peregren<\/a><\/h1>\t\t\t\t<\/div>\n\t\t\t\t<div class=\"elementor-element elementor-element-76bb901a elementor-widget elementor-widget-text-editor\" data-id=\"76bb901a\" data-element_type=\"widget\" data-e-type=\"widget\" data-widget_type=\"text-editor.default\">\n\t\t\t\t\t\t\t\t\t<ul><li>CInaugur\u00e9e le 2 ao\u00fbt 2025.<\/li><li>Op\u00e9rationelle depuis le 4 ao\u00fbt 2025.<\/li><li>Clinique du cancer desservant le grand Sud et le Sud du D\u00e9partement de<br \/>l\u2019Ouest.<\/li><li>Localis\u00e9e \u00e0 l\u2019h\u00f4pital CaraMed, aux Cayes.<\/li><\/ul>\t\t\t\t\t\t\t\t<\/div>\n\t\t\t\t<\/div>\n\t\t<div class=\"elementor-element elementor-element-79b1a622 e-con-full e-flex e-con e-child\" data-id=\"79b1a622\" data-element_type=\"container\" data-e-type=\"container\">\n\t\t\t\t<div class=\"elementor-element elementor-element-7f688229 elementor-widget elementor-widget-image\" data-id=\"7f688229\" data-element_type=\"widget\" data-e-type=\"widget\" data-widget_type=\"image.default\">\n\t\t\t\t\t\t\t\t\t\t\t\t\t\t\t\t<a href=\"https:\/\/www.facebook.com\/profile.php?id=61579268980769\">\n\t\t\t\t\t\t\t<img fetchpriority=\"high\" decoding=\"async\" width=\"765\" height=\"1020\" src=\"https:\/\/fondationbernaar.org\/wp-content\/uploads\/2026\/04\/559369570_122123753252975632_8983070565963390000_n.jpg\" class=\"attachment-large size-large wp-image-1374\" alt=\"\" srcset=\"https:\/\/fondationbernaar.org\/wp-content\/uploads\/2026\/04\/559369570_122123753252975632_8983070565963390000_n.jpg 765w, https:\/\/fondationbernaar.org\/wp-content\/uploads\/2026\/04\/559369570_122123753252975632_8983070565963390000_n-225x300.jpg 225w, https:\/\/fondationbernaar.org\/wp-content\/uploads\/2026\/04\/559369570_122123753252975632_8983070565963390000_n-9x12.jpg 9w, https:\/\/fondationbernaar.org\/wp-content\/uploads\/2026\/04\/559369570_122123753252975632_8983070565963390000_n-600x800.jpg 600w\" sizes=\"(max-width: 765px) 100vw, 765px\" \/>\t\t\t\t\t\t\t\t<\/a>\n\t\t\t\t\t\t\t\t\t\t\t\t\t\t\t<\/div>\n\t\t\t\t<\/div>\n\t\t\t\t<\/div>\n\t\t<div class=\"elementor-element elementor-element-480f55c1 e-con-full e-flex e-con e-child\" data-id=\"480f55c1\" data-element_type=\"container\" data-e-type=\"container\" id=\"next\">\n\t\t\t\t<div class=\"elementor-element elementor-element-1c94f81f elementor-widget elementor-widget-heading\" data-id=\"1c94f81f\" data-element_type=\"widget\" data-e-type=\"widget\" data-widget_type=\"heading.default\">\n\t\t\t\t\t<h3 class=\"elementor-heading-title elementor-size-default\">Statistiques de la CCSP<\/h3>\t\t\t\t<\/div>\n\t\t<div class=\"elementor-element elementor-element-788d727b e-con-full e-flex e-con e-child\" data-id=\"788d727b\" data-element_type=\"container\" data-e-type=\"container\">\n\t\t<div class=\"elementor-element elementor-element-584b8d38 e-con-full e-flex e-con e-child\" data-id=\"584b8d38\" data-element_type=\"container\" data-e-type=\"container\">\n\t\t\t\t<div class=\"elementor-element elementor-element-49eab483 elementor-position-top elementor-widget elementor-widget-image-box\" data-id=\"49eab483\" data-element_type=\"widget\" data-e-type=\"widget\" data-widget_type=\"image-box.default\">\n\t\t\t\t\t<div class=\"elementor-image-box-wrapper\"><figure class=\"elementor-image-box-img\"><a href=\"https:\/\/fondationbernaar.org\/wp-content\/uploads\/2026\/04\/Statistiques-cancers-CCSP-2025.pdf\" tabindex=\"-1\"><img decoding=\"async\" width=\"189\" height=\"68\" src=\"https:\/\/fondationbernaar.org\/wp-content\/uploads\/2026\/04\/CCSP.png\" class=\"elementor-animation-grow attachment-full size-full wp-image-1371\" alt=\"\" srcset=\"https:\/\/fondationbernaar.org\/wp-content\/uploads\/2026\/04\/CCSP.png 189w, https:\/\/fondationbernaar.org\/wp-content\/uploads\/2026\/04\/CCSP-18x6.png 18w\" sizes=\"(max-width: 189px) 100vw, 189px\" \/><\/a><\/figure><div class=\"elementor-image-box-content\"><h4 class=\"elementor-image-box-title\"><a href=\"https:\/\/fondationbernaar.org\/wp-content\/uploads\/2026\/04\/Statistiques-cancers-CCSP-2025.pdf\">Ann\u00e9e 2025<\/a><\/h4><\/div><\/div>\t\t\t\t<\/div>\n\t\t\t\t<\/div>\n\t\t<div class=\"elementor-element elementor-element-45295ad4 e-con-full e-flex e-con e-child\" data-id=\"45295ad4\" data-element_type=\"container\" data-e-type=\"container\">\n\t\t\t\t<\/div>\n\t\t<div class=\"elementor-element elementor-element-72c42862 e-con-full e-flex e-con e-child\" data-id=\"72c42862\" data-element_type=\"container\" data-e-type=\"container\">\n\t\t\t\t<\/div>\n\t\t<div class=\"elementor-element elementor-element-23bc4838 e-con-full e-flex e-con e-child\" data-id=\"23bc4838\" data-element_type=\"container\" data-e-type=\"container\">\n\t\t\t\t<\/div>\n\t\t\t\t<\/div>\n\t\t\t\t<\/div>\n\t\t<footer class=\"elementor-element elementor-element-240d935f e-con-full e-flex e-con e-child\" data-id=\"240d935f\" data-element_type=\"container\" data-e-type=\"container\">\n\t\t<div class=\"elementor-element elementor-element-5b7517f9 e-con-full e-flex e-con e-child\" data-id=\"5b7517f9\" data-element_type=\"container\" data-e-type=\"container\">\n\t\t\t\t<div class=\"elementor-element elementor-element-6ba55f40 elementor-icon-list--layout-inline elementor-tablet-align-center elementor-align-center elementor-list-item-link-full_width elementor-widget elementor-widget-icon-list\" data-id=\"6ba55f40\" data-element_type=\"widget\" data-e-type=\"widget\" data-widget_type=\"icon-list.default\">\n\t\t\t\t\t\t\t<ul class=\"elementor-icon-list-items elementor-inline-items\">\n\t\t\t\t\t\t\t<li class=\"elementor-icon-list-item elementor-inline-item\">\n\t\t\t\t\t\t\t\t\t\t<span class=\"elementor-icon-list-text\">+(509)3766-9495 \/ +(509) 5596-5661 \/ +(509) 4233-0975<\/span>\n\t\t\t\t\t\t\t\t\t<\/li>\n\t\t\t\t\t\t\t\t<li class=\"elementor-icon-list-item elementor-inline-item\">\n\t\t\t\t\t\t\t\t\t\t<span class=\"elementor-icon-list-text\">Bourjolly 2 #7, Les Cayes, Hayti<\/span>\n\t\t\t\t\t\t\t\t\t<\/li>\n\t\t\t\t\t\t<\/ul>\n\t\t\t\t\t\t<\/div>\n\t\t\t\t<\/div>\n\t\t\t\t<\/footer>\n\t\t\t\t\t<\/div>\n\t\t\t\t<\/div>\n\t\t\t\t<\/div>","protected":false},"excerpt":{"rendered":"<p>Clinique du Cancer Saint P\u00e9r\u00e9grin (CCSP) CInaugur\u00e9e le 2 ao\u00fbt 2025. Op\u00e9rationelle depuis le 4 ao\u00fbt 2025. Clinique du cancer desservant le grand Sud et le Sud du D\u00e9partement del\u2019Ouest. Localis\u00e9e \u00e0 l\u2019h\u00f4pital CaraMed, aux Cayes. Statistiques de la CCSP Ann\u00e9e 2025 +(509)3766-9495 \/ +(509) 5596-5661 \/ +(509) 4233-0975 Bourjolly 2 #7, Les Cayes, Hayti<\/p>","protected":false},"author":1,"featured_media":0,"parent":0,"menu_order":0,"comment_status":"closed","ping_status":"closed","template":"","meta":{"footnotes":""},"class_list":["post-1356","page","type-page","status-publish","hentry"],"_hostinger_reach_plugin_has_subscription_block":false,"_hostinger_reach_plugin_is_elementor":false,"_links":{"self":[{"href":"https:\/\/fondationbernaar.org\/ht\/wp-json\/wp\/v2\/pages\/1356","targetHints":{"allow":["GET"]}}],"collection":[{"href":"https:\/\/fondationbernaar.org\/ht\/wp-json\/wp\/v2\/pages"}],"about":[{"href":"https:\/\/fondationbernaar.org\/ht\/wp-json\/wp\/v2\/types\/page"}],"author":[{"embeddable":true,"href":"https:\/\/fondationbernaar.org\/ht\/wp-json\/wp\/v2\/users\/1"}],"replies":[{"embeddable":true,"href":"https:\/\/fondationbernaar.org\/ht\/wp-json\/wp\/v2\/comments?post=1356"}],"version-history":[{"count":16,"href":"https:\/\/fondationbernaar.org\/ht\/wp-json\/wp\/v2\/pages\/1356\/revisions"}],"predecessor-version":[{"id":1543,"href":"https:\/\/fondationbernaar.org\/ht\/wp-json\/wp\/v2\/pages\/1356\/revisions\/1543"}],"wp:attachment":[{"href":"https:\/\/fondationbernaar.org\/ht\/wp-json\/wp\/v2\/media?parent=1356"}],"curies":[{"name":"wp","href":"https:\/\/api.w.org\/{rel}","templated":true}]}}