{"id":1379,"date":"2026-04-09T08:43:51","date_gmt":"2026-04-09T08:43:51","guid":{"rendered":"https:\/\/fondationbernaar.org\/?page_id=1379"},"modified":"2026-04-09T09:18:29","modified_gmt":"2026-04-09T09:18:29","slug":"centre-de-documentation-lilia-volel-naar","status":"publish","type":"page","link":"https:\/\/fondationbernaar.org\/ht\/centre-de-documentation-lilia-volel-naar\/","title":{"rendered":"Centre de documentation Lilia VOLEL NAAR"},"content":{"rendered":"<div data-elementor-type=\"wp-page\" data-elementor-id=\"1379\" class=\"elementor elementor-1379\" data-elementor-post-type=\"page\">\n\t\t\t\t<div class=\"elementor-element elementor-element-1e726f3d e-flex e-con-boxed e-con e-parent\" data-id=\"1e726f3d\" data-element_type=\"container\" data-e-type=\"container\">\n\t\t\t\t\t<div class=\"e-con-inner\">\n\t\t<div class=\"elementor-element elementor-element-27231b42 e-con-full e-flex e-con e-child\" data-id=\"27231b42\" data-element_type=\"container\" data-e-type=\"container\" data-settings=\"{&quot;background_background&quot;:&quot;classic&quot;}\">\n\t\t<div class=\"elementor-element elementor-element-5a13a64d e-con-full e-flex e-con e-child\" data-id=\"5a13a64d\" data-element_type=\"container\" data-e-type=\"container\">\n\t\t\t\t<div class=\"elementor-element elementor-element-7469abe7 elementor-widget elementor-widget-heading\" data-id=\"7469abe7\" data-element_type=\"widget\" data-e-type=\"widget\" data-widget_type=\"heading.default\">\n\t\t\t\t\t<h1 class=\"elementor-heading-title elementor-size-default\">Centre de documentation Lilia VOLEL NAAR<\/h1>\t\t\t\t<\/div>\n\t\t\t\t<div class=\"elementor-element elementor-element-5c1720c2 elementor-widget elementor-widget-text-editor\" data-id=\"5c1720c2\" data-element_type=\"widget\" data-e-type=\"widget\" data-widget_type=\"text-editor.default\">\n\t\t\t\t\t\t\t\t\t<p>Le Centre de documentation Lilia VOLEL NAAR est un espace d\u00e9di\u00e9 \u00e0 aux activit\u00e9s<br \/>acad\u00e9miques.<br \/>H\u00e9berge la Collection Joseph D\u00e9bussy DAMIER<br \/>Dot\u00e9e \u00e9galement d\u2019une m\u00e9diath\u00e8que pour la consultation des archives en ligne.<\/p><p><strong>Ouvert au grand public<\/strong> <em>(inscription obligatoire)<\/em>.<\/p><p><strong>Heures de fonctionnement\u00a0: lundi au vendredi, de 9 h \u00e0 15 h<\/strong><\/p><p>\u00a0<\/p><p>Activit\u00e9s du centre de documentation\u00a0:<\/p><ul><li>Consultation d\u2019ouvrages sur place<\/li><li>Conf\u00e9rences-d\u00e9bats<\/li><li>Vente-signature<\/li><li>Projection de films et documentaires<\/li><\/ul>\t\t\t\t\t\t\t\t<\/div>\n\t\t\t\t<\/div>\n\t\t\t\t<\/div>\n\t\t<div class=\"elementor-element elementor-element-582a8d94 e-con-full e-flex e-con e-child\" data-id=\"582a8d94\" data-element_type=\"container\" data-e-type=\"container\" id=\"next\">\n\t\t<div class=\"elementor-element elementor-element-70824e4e e-con-full e-flex e-con e-child\" data-id=\"70824e4e\" data-element_type=\"container\" data-e-type=\"container\">\n\t\t<div class=\"elementor-element elementor-element-780d4437 e-con-full e-flex e-con e-child\" data-id=\"780d4437\" data-element_type=\"container\" data-e-type=\"container\">\n\t\t\t\t<div class=\"elementor-element elementor-element-2ea108d0 elementor-position-top elementor-widget elementor-widget-image-box\" data-id=\"2ea108d0\" data-element_type=\"widget\" data-e-type=\"widget\" data-widget_type=\"image-box.default\">\n\t\t\t\t\t<div class=\"elementor-image-box-wrapper\"><figure class=\"elementor-image-box-img\"><img fetchpriority=\"high\" decoding=\"async\" width=\"1586\" height=\"1988\" src=\"https:\/\/fondationbernaar.org\/wp-content\/uploads\/2026\/04\/Lilia-Naar.jpg\" class=\"elementor-animation-grow attachment-full size-full wp-image-1385\" alt=\"\" srcset=\"https:\/\/fondationbernaar.org\/wp-content\/uploads\/2026\/04\/Lilia-Naar.jpg 1586w, https:\/\/fondationbernaar.org\/wp-content\/uploads\/2026\/04\/Lilia-Naar-239x300.jpg 239w, https:\/\/fondationbernaar.org\/wp-content\/uploads\/2026\/04\/Lilia-Naar-817x1024.jpg 817w, https:\/\/fondationbernaar.org\/wp-content\/uploads\/2026\/04\/Lilia-Naar-768x963.jpg 768w, https:\/\/fondationbernaar.org\/wp-content\/uploads\/2026\/04\/Lilia-Naar-1225x1536.jpg 1225w, https:\/\/fondationbernaar.org\/wp-content\/uploads\/2026\/04\/Lilia-Naar-10x12.jpg 10w, https:\/\/fondationbernaar.org\/wp-content\/uploads\/2026\/04\/Lilia-Naar-600x752.jpg 600w\" sizes=\"(max-width: 1586px) 100vw, 1586px\" \/><\/figure><div class=\"elementor-image-box-content\"><h4 class=\"elementor-image-box-title\">Lilia VOLEL NAAR<\/h4><p class=\"elementor-image-box-description\">N\u00e9e \u00e0 Jacmel le 18 juin 1924\n<br>Enseignante de carri\u00e8re\n<br>Plus de 30 ans d\u2019enseignement au Nouveau Coll\u00e8ge Bird\n<br>D\u00e9c\u00e9d\u00e9e \u00e0 Port-au-Prince le 31 octobre 2006<\/p><\/div><\/div>\t\t\t\t<\/div>\n\t\t\t\t<\/div>\n\t\t\t\t<\/div>\n\t\t\t\t<\/div>\n\t\t\t\t\t<\/div>\n\t\t\t\t<\/div>\n\t\t\t\t<\/div>","protected":false},"excerpt":{"rendered":"<p>Centre de documentation Lilia VOLEL NAAR Le Centre de documentation Lilia VOLEL NAAR est un espace d\u00e9di\u00e9 \u00e0 aux activit\u00e9sacad\u00e9miques.H\u00e9berge la Collection Joseph D\u00e9bussy DAMIERDot\u00e9e \u00e9galement d\u2019une m\u00e9diath\u00e8que pour la consultation des archives en ligne. Ouvert au grand public (inscription obligatoire). Heures de fonctionnement\u00a0: lundi au vendredi, de 9 h \u00e0 15 h \u00a0 Activit\u00e9s [&hellip;]<\/p>\n","protected":false},"author":1,"featured_media":0,"parent":0,"menu_order":0,"comment_status":"closed","ping_status":"closed","template":"","meta":{"footnotes":""},"class_list":["post-1379","page","type-page","status-publish","hentry"],"_hostinger_reach_plugin_has_subscription_block":false,"_hostinger_reach_plugin_is_elementor":false,"_links":{"self":[{"href":"https:\/\/fondationbernaar.org\/ht\/wp-json\/wp\/v2\/pages\/1379","targetHints":{"allow":["GET"]}}],"collection":[{"href":"https:\/\/fondationbernaar.org\/ht\/wp-json\/wp\/v2\/pages"}],"about":[{"href":"https:\/\/fondationbernaar.org\/ht\/wp-json\/wp\/v2\/types\/page"}],"author":[{"embeddable":true,"href":"https:\/\/fondationbernaar.org\/ht\/wp-json\/wp\/v2\/users\/1"}],"replies":[{"embeddable":true,"href":"https:\/\/fondationbernaar.org\/ht\/wp-json\/wp\/v2\/comments?post=1379"}],"version-history":[{"count":13,"href":"https:\/\/fondationbernaar.org\/ht\/wp-json\/wp\/v2\/pages\/1379\/revisions"}],"predecessor-version":[{"id":1413,"href":"https:\/\/fondationbernaar.org\/ht\/wp-json\/wp\/v2\/pages\/1379\/revisions\/1413"}],"wp:attachment":[{"href":"https:\/\/fondationbernaar.org\/ht\/wp-json\/wp\/v2\/media?parent=1379"}],"curies":[{"name":"wp","href":"https:\/\/api.w.org\/{rel}","templated":true}]}}