{"id":1398,"date":"2026-04-09T09:04:40","date_gmt":"2026-04-09T09:04:40","guid":{"rendered":"https:\/\/fondationbernaar.org\/?page_id=1398"},"modified":"2026-04-09T09:17:42","modified_gmt":"2026-04-09T09:17:42","slug":"joseph-debussy-damier-2","status":"publish","type":"page","link":"https:\/\/fondationbernaar.org\/ht\/joseph-debussy-damier-2\/","title":{"rendered":"Joseph D\u00e9bussy DAMIER"},"content":{"rendered":"<div data-elementor-type=\"wp-page\" data-elementor-id=\"1398\" class=\"elementor elementor-1398\" data-elementor-post-type=\"page\">\n\t\t\t\t<div class=\"elementor-element elementor-element-abf0732 e-flex e-con-boxed e-con e-parent\" data-id=\"abf0732\" data-element_type=\"container\" data-e-type=\"container\">\n\t\t\t\t\t<div class=\"e-con-inner\">\n\t\t<div class=\"elementor-element elementor-element-83df035 e-con-full e-flex e-con e-child\" data-id=\"83df035\" data-element_type=\"container\" data-e-type=\"container\" id=\"next\">\n\t\t<div class=\"elementor-element elementor-element-4107bead e-con-full e-flex e-con e-child\" data-id=\"4107bead\" data-element_type=\"container\" data-e-type=\"container\">\n\t\t<div class=\"elementor-element elementor-element-83f1878 e-con-full e-flex e-con e-child\" data-id=\"83f1878\" data-element_type=\"container\" data-e-type=\"container\">\n\t\t\t\t<div class=\"elementor-element elementor-element-64d8121 elementor-position-top elementor-widget elementor-widget-image-box\" data-id=\"64d8121\" data-element_type=\"widget\" data-e-type=\"widget\" data-widget_type=\"image-box.default\">\n\t\t\t\t\t<div class=\"elementor-image-box-wrapper\"><figure class=\"elementor-image-box-img\"><img fetchpriority=\"high\" decoding=\"async\" width=\"2001\" height=\"2560\" src=\"https:\/\/fondationbernaar.org\/wp-content\/uploads\/2026\/04\/Joseph-Debussy-Damier_4-1-scaled.jpg\" class=\"elementor-animation-grow attachment-full size-full wp-image-1407\" alt=\"\" srcset=\"https:\/\/fondationbernaar.org\/wp-content\/uploads\/2026\/04\/Joseph-Debussy-Damier_4-1-scaled.jpg 2001w, https:\/\/fondationbernaar.org\/wp-content\/uploads\/2026\/04\/Joseph-Debussy-Damier_4-1-235x300.jpg 235w, https:\/\/fondationbernaar.org\/wp-content\/uploads\/2026\/04\/Joseph-Debussy-Damier_4-1-801x1024.jpg 801w, https:\/\/fondationbernaar.org\/wp-content\/uploads\/2026\/04\/Joseph-Debussy-Damier_4-1-768x982.jpg 768w, https:\/\/fondationbernaar.org\/wp-content\/uploads\/2026\/04\/Joseph-Debussy-Damier_4-1-1201x1536.jpg 1201w, https:\/\/fondationbernaar.org\/wp-content\/uploads\/2026\/04\/Joseph-Debussy-Damier_4-1-1601x2048.jpg 1601w, https:\/\/fondationbernaar.org\/wp-content\/uploads\/2026\/04\/Joseph-Debussy-Damier_4-1-9x12.jpg 9w, https:\/\/fondationbernaar.org\/wp-content\/uploads\/2026\/04\/Joseph-Debussy-Damier_4-1-600x767.jpg 600w\" sizes=\"(max-width: 2001px) 100vw, 2001px\" \/><\/figure><div class=\"elementor-image-box-content\"><h4 class=\"elementor-image-box-title\">Joseph D\u00e9bussy DAMIER<\/h4><p class=\"elementor-image-box-description\">N\u00e9 \u00e0 Maissade le 17 septembre 1945\n<br>Fils d\u2019Eralien DAMIER, ancien d\u00e9put\u00e9 de Hinche\n<br>Chirurgien orthop\u00e9diste de carri\u00e8re\n<br>Juriste\n<br>Ancien vice-Pr\u00e9sident du Conseil \u00e9lectoral provisoire (CEP) lors des \u00e9lections de\nl\u2019ann\u00e9e 2000.\n<br>Ancien Vice-Pr\u00e9sident du Parti Fusion des Sociaux D\u00e9mocrates\n\n<br>Ancien animateur de l\u2019\u00e9mission de l\u2019\u00e9mission D\u2019antant Pr\u00e9sent sur Radio Kiskeya.<\/p><\/div><\/div>\t\t\t\t<\/div>\n\t\t\t\t<div class=\"elementor-element elementor-element-1fe71a5 elementor-widget elementor-widget-image-box\" data-id=\"1fe71a5\" data-element_type=\"widget\" data-e-type=\"widget\" data-widget_type=\"image-box.default\">\n\t\t\t\t\t<div class=\"elementor-image-box-wrapper\"><div class=\"elementor-image-box-content\"><p class=\"elementor-image-box-description\">D\u00e9c\u00e9d\u00e9 \u00e0 Port-au-Prince le 24 octobre 2024<\/p><\/div><\/div>\t\t\t\t<\/div>\n\t\t\t\t<\/div>\n\t\t\t\t<\/div>\n\t\t\t\t<\/div>\n\t\t\t\t\t<\/div>\n\t\t\t\t<\/div>\n\t\t\t\t<\/div>","protected":false},"excerpt":{"rendered":"<p>Joseph D\u00e9bussy DAMIER N\u00e9 \u00e0 Maissade le 17 septembre 1945 Fils d\u2019Eralien DAMIER, ancien d\u00e9put\u00e9 de Hinche Chirurgien orthop\u00e9diste de carri\u00e8re Juriste Ancien vice-Pr\u00e9sident du Conseil \u00e9lectoral provisoire (CEP) lors des \u00e9lections de l\u2019ann\u00e9e 2000. Ancien Vice-Pr\u00e9sident du Parti Fusion des Sociaux D\u00e9mocrates Ancien animateur de l\u2019\u00e9mission de l\u2019\u00e9mission D\u2019antant Pr\u00e9sent sur Radio Kiskeya. D\u00e9c\u00e9d\u00e9 [&hellip;]<\/p>\n","protected":false},"author":1,"featured_media":0,"parent":0,"menu_order":0,"comment_status":"closed","ping_status":"closed","template":"","meta":{"footnotes":""},"class_list":["post-1398","page","type-page","status-publish","hentry"],"_hostinger_reach_plugin_has_subscription_block":false,"_hostinger_reach_plugin_is_elementor":false,"_links":{"self":[{"href":"https:\/\/fondationbernaar.org\/ht\/wp-json\/wp\/v2\/pages\/1398","targetHints":{"allow":["GET"]}}],"collection":[{"href":"https:\/\/fondationbernaar.org\/ht\/wp-json\/wp\/v2\/pages"}],"about":[{"href":"https:\/\/fondationbernaar.org\/ht\/wp-json\/wp\/v2\/types\/page"}],"author":[{"embeddable":true,"href":"https:\/\/fondationbernaar.org\/ht\/wp-json\/wp\/v2\/users\/1"}],"replies":[{"embeddable":true,"href":"https:\/\/fondationbernaar.org\/ht\/wp-json\/wp\/v2\/comments?post=1398"}],"version-history":[{"count":4,"href":"https:\/\/fondationbernaar.org\/ht\/wp-json\/wp\/v2\/pages\/1398\/revisions"}],"predecessor-version":[{"id":1410,"href":"https:\/\/fondationbernaar.org\/ht\/wp-json\/wp\/v2\/pages\/1398\/revisions\/1410"}],"wp:attachment":[{"href":"https:\/\/fondationbernaar.org\/ht\/wp-json\/wp\/v2\/media?parent=1398"}],"curies":[{"name":"wp","href":"https:\/\/api.w.org\/{rel}","templated":true}]}}