{"id":16,"date":"2026-03-20T16:14:31","date_gmt":"2026-03-20T16:14:31","guid":{"rendered":"https:\/\/fondationbernaar.org\/?page_id=16"},"modified":"2026-04-09T19:55:17","modified_gmt":"2026-04-09T19:55:17","slug":"qui-sommes-nous","status":"publish","type":"page","link":"https:\/\/fondationbernaar.org\/ht\/qui-sommes-nous\/","title":{"rendered":"Kiy\u00e8s nou ye ?"},"content":{"rendered":"<div data-elementor-type=\"wp-page\" data-elementor-id=\"16\" class=\"elementor elementor-16\" data-elementor-post-type=\"page\">\n\t\t\t\t<div class=\"elementor-element elementor-element-2c34c64f e-flex e-con-boxed e-con e-parent\" data-id=\"2c34c64f\" data-element_type=\"container\" data-e-type=\"container\">\n\t\t\t\t\t<div class=\"e-con-inner\">\n\t\t<div class=\"elementor-element elementor-element-4658f86 e-con-full e-flex e-con e-child\" data-id=\"4658f86\" data-element_type=\"container\" data-e-type=\"container\">\n\t\t\t\t<div class=\"elementor-element elementor-element-fb41ad7 elementor-widget elementor-widget-heading\" data-id=\"fb41ad7\" data-element_type=\"widget\" data-e-type=\"widget\" data-widget_type=\"heading.default\">\n\t\t\t\t\t<h2 class=\"elementor-heading-title elementor-size-default\"><b>A propos de la Fondation BERNAAR<\/b><\/h2>\t\t\t\t<\/div>\n\t\t\t\t<div class=\"elementor-element elementor-element-cb41549 elementor-widget-mobile__width-initial e-transform elementor-widget elementor-widget-text-editor\" data-id=\"cb41549\" data-element_type=\"widget\" data-e-type=\"widget\" data-settings=\"{&quot;_transform_translateX_effect_mobile&quot;:{&quot;unit&quot;:&quot;px&quot;,&quot;size&quot;:0,&quot;sizes&quot;:[]},&quot;_transform_translateX_effect&quot;:{&quot;unit&quot;:&quot;px&quot;,&quot;size&quot;:&quot;&quot;,&quot;sizes&quot;:[]},&quot;_transform_translateX_effect_tablet&quot;:{&quot;unit&quot;:&quot;px&quot;,&quot;size&quot;:&quot;&quot;,&quot;sizes&quot;:[]},&quot;_transform_translateY_effect&quot;:{&quot;unit&quot;:&quot;px&quot;,&quot;size&quot;:&quot;&quot;,&quot;sizes&quot;:[]},&quot;_transform_translateY_effect_tablet&quot;:{&quot;unit&quot;:&quot;px&quot;,&quot;size&quot;:&quot;&quot;,&quot;sizes&quot;:[]},&quot;_transform_translateY_effect_mobile&quot;:{&quot;unit&quot;:&quot;px&quot;,&quot;size&quot;:&quot;&quot;,&quot;sizes&quot;:[]}}\" data-widget_type=\"text-editor.default\">\n\t\t\t\t\t\t\t\t\t<p data-start=\"0\" data-end=\"342\">La <strong>Fondation Bernaar<\/strong> est une organisation \u00e0 vocation sociale et humanitaire engag\u00e9e dans le d\u00e9veloppement durable et l\u2019am\u00e9lioration des conditions de vie des communaut\u00e9s, particuli\u00e8rement en Ha\u00efti. Elle \u0153uvre principalement dans des domaines cl\u00e9s tels que l\u2019\u00e9ducation, la sant\u00e9, l\u2019accompagnement des jeunes et l\u2019autonomisation \u00e9conomique.<\/p><p data-start=\"344\" data-end=\"663\">\u00c0 travers ses initiatives, la Fondation Bernaar met en place des programmes de formation, de soutien scolaire, d\u2019acc\u00e8s aux soins de base et de sensibilisation communautaire. Elle s\u2019investit \u00e9galement dans des projets culturels et cr\u00e9atifs visant \u00e0 valoriser le talent local et \u00e0 encourager l\u2019innovation chez les jeunes.<\/p><p data-start=\"665\" data-end=\"978\">Anim\u00e9e par des valeurs de solidarit\u00e9, d\u2019inclusion et de responsabilit\u00e9 sociale, la Fondation Bernaar se positionne comme un acteur engag\u00e9 pour un avenir plus \u00e9quitable, en collaborant avec des partenaires locaux et internationaux afin d\u2019avoir un impact durable et mesurable sur les populations qu\u2019elle accompagne.<\/p>\t\t\t\t\t\t\t\t<\/div>\n\t\t\t\t<\/div>\n\t\t\t\t\t<\/div>\n\t\t\t\t<\/div>\n\t\t<div class=\"elementor-element elementor-element-3c0a0f5c e-flex e-con-boxed e-con e-parent\" data-id=\"3c0a0f5c\" data-element_type=\"container\" data-e-type=\"container\">\n\t\t\t\t\t<div class=\"e-con-inner\">\n\t\t\t\t<div class=\"elementor-element elementor-element-3d9c9f9d elementor-widget-tablet__width-initial elementor-widget-mobile__width-inherit elementor-widget elementor-widget-heading\" data-id=\"3d9c9f9d\" data-element_type=\"widget\" data-e-type=\"widget\" data-widget_type=\"heading.default\">\n\t\t\t\t\t<h2 class=\"elementor-heading-title elementor-size-default\"><b>Conseil de direction<\/b><\/h2>\t\t\t\t<\/div>\n\t\t<div class=\"elementor-element elementor-element-6e1eda18 e-con-full e-flex e-con e-child\" data-id=\"6e1eda18\" data-element_type=\"container\" data-e-type=\"container\">\n\t\t<div class=\"elementor-element elementor-element-141a080d animated-fast e-con-full e-flex elementor-invisible e-con e-child\" data-id=\"141a080d\" data-element_type=\"container\" data-e-type=\"container\" data-settings=\"{&quot;background_background&quot;:&quot;classic&quot;,&quot;animation&quot;:&quot;fadeInUp&quot;}\">\n\t\t\t\t<div class=\"elementor-element elementor-element-9ea1332 elementor-widget__width-initial elementor-widget elementor-widget-image\" data-id=\"9ea1332\" data-element_type=\"widget\" data-e-type=\"widget\" data-widget_type=\"image.default\">\n\t\t\t\t\t\t\t\t\t\t\t\t\t\t\t<img decoding=\"async\" width=\"200\" height=\"200\" src=\"https:\/\/fondationbernaar.org\/wp-content\/uploads\/2026\/04\/1758034585614.png\" class=\"attachment-full size-full wp-image-897\" alt=\"\" srcset=\"https:\/\/fondationbernaar.org\/wp-content\/uploads\/2026\/04\/1758034585614.png 200w, https:\/\/fondationbernaar.org\/wp-content\/uploads\/2026\/04\/1758034585614-150x150.png 150w\" sizes=\"(max-width: 200px) 100vw, 200px\" \/>\t\t\t\t\t\t\t\t\t\t\t\t\t\t\t<\/div>\n\t\t\t\t<div class=\"elementor-element elementor-element-443113ba elementor-widget elementor-widget-image-box\" data-id=\"443113ba\" data-element_type=\"widget\" data-e-type=\"widget\" data-widget_type=\"image-box.default\">\n\t\t\t\t\t<div class=\"elementor-image-box-wrapper\"><div class=\"elementor-image-box-content\"><h5 class=\"elementor-image-box-title\">Joseph BERNARD jr<\/h5><p class=\"elementor-image-box-description\">Pr\u00e9sident<\/p><\/div><\/div>\t\t\t\t<\/div>\n\t\t\t\t<div class=\"elementor-element elementor-element-b55f00d elementor-widget elementor-widget-heading\" data-id=\"b55f00d\" data-element_type=\"widget\" data-e-type=\"widget\" data-widget_type=\"heading.default\">\n\t\t\t\t\t<p class=\"elementor-heading-title elementor-size-default\">N\u00e9 \u00e0 Port-au-Prince le 5 juillet 1984\n<br>Docteur en M\u00e9decine\n<br>Directeur ex\u00e9cutif des Cliniques Saint <br>Fran\u00e7ois de Sales et Saint P\u00e9r\u00e9grin\n<br>Enseignant d\u2019universit\u00e9\n<br>Ecrivain<\/p>\t\t\t\t<\/div>\n\t\t\t\t<div class=\"elementor-element elementor-element-320098ef elementor-button-info elementor-widget elementor-widget-button\" data-id=\"320098ef\" data-element_type=\"widget\" data-e-type=\"widget\" data-widget_type=\"button.default\">\n\t\t\t\t\t\t\t\t\t\t<a class=\"elementor-button elementor-button-link elementor-size-sm\" href=\"https:\/\/www.linkedin.com\/in\/joseph-jr-bernard-42220a2b\/\">\n\t\t\t\t\t\t<span class=\"elementor-button-content-wrapper\">\n\t\t\t\t\t\t\t\t\t<span class=\"elementor-button-text\">Voir plus<\/span>\n\t\t\t\t\t<\/span>\n\t\t\t\t\t<\/a>\n\t\t\t\t\t\t\t\t<\/div>\n\t\t\t\t<\/div>\n\t\t<div class=\"elementor-element elementor-element-665c02d0 animated-fast e-con-full e-flex elementor-invisible e-con e-child\" data-id=\"665c02d0\" data-element_type=\"container\" data-e-type=\"container\" data-settings=\"{&quot;background_background&quot;:&quot;classic&quot;,&quot;animation&quot;:&quot;fadeInUp&quot;}\">\n\t\t\t\t<div class=\"elementor-element elementor-element-1d368802 elementor-widget__width-initial elementor-widget elementor-widget-image\" data-id=\"1d368802\" data-element_type=\"widget\" data-e-type=\"widget\" data-widget_type=\"image.default\">\n\t\t\t\t\t\t\t\t\t\t\t\t\t\t\t<img fetchpriority=\"high\" decoding=\"async\" width=\"400\" height=\"400\" src=\"https:\/\/fondationbernaar.org\/wp-content\/uploads\/2026\/04\/1727442229339.png\" class=\"attachment-full size-full wp-image-976\" alt=\"\" srcset=\"https:\/\/fondationbernaar.org\/wp-content\/uploads\/2026\/04\/1727442229339.png 400w, https:\/\/fondationbernaar.org\/wp-content\/uploads\/2026\/04\/1727442229339-300x300.png 300w, https:\/\/fondationbernaar.org\/wp-content\/uploads\/2026\/04\/1727442229339-150x150.png 150w\" sizes=\"(max-width: 400px) 100vw, 400px\" \/>\t\t\t\t\t\t\t\t\t\t\t\t\t\t\t<\/div>\n\t\t\t\t<div class=\"elementor-element elementor-element-22e04736 elementor-widget elementor-widget-image-box\" data-id=\"22e04736\" data-element_type=\"widget\" data-e-type=\"widget\" data-widget_type=\"image-box.default\">\n\t\t\t\t\t<div class=\"elementor-image-box-wrapper\"><div class=\"elementor-image-box-content\"><h5 class=\"elementor-image-box-title\">Andr\u00e9 Joseph BERNARD<\/h5><p class=\"elementor-image-box-description\">Vice-pr\u00e9sident<\/p><\/div><\/div>\t\t\t\t<\/div>\n\t\t\t\t<div class=\"elementor-element elementor-element-12e58495 elementor-widget elementor-widget-heading\" data-id=\"12e58495\" data-element_type=\"widget\" data-e-type=\"widget\" data-widget_type=\"heading.default\">\n\t\t\t\t\t<p class=\"elementor-heading-title elementor-size-default\">... Ann\u00e9es d'experience<\/p>\t\t\t\t<\/div>\n\t\t\t\t<div class=\"elementor-element elementor-element-2a4f83fa elementor-button-success elementor-widget elementor-widget-button\" data-id=\"2a4f83fa\" data-element_type=\"widget\" data-e-type=\"widget\" data-widget_type=\"button.default\">\n\t\t\t\t\t\t\t\t\t\t<a class=\"elementor-button elementor-button-link elementor-size-sm\" href=\"https:\/\/www.linkedin.com\/in\/andr%C3%A9-joseph-bernard-8aba1278\/\">\n\t\t\t\t\t\t<span class=\"elementor-button-content-wrapper\">\n\t\t\t\t\t\t\t\t\t<span class=\"elementor-button-text\">Voir plus...<\/span>\n\t\t\t\t\t<\/span>\n\t\t\t\t\t<\/a>\n\t\t\t\t\t\t\t\t<\/div>\n\t\t\t\t<\/div>\n\t\t<div class=\"elementor-element elementor-element-56912a6c animated-fast e-con-full e-flex elementor-invisible e-con e-child\" data-id=\"56912a6c\" data-element_type=\"container\" data-e-type=\"container\" data-settings=\"{&quot;background_background&quot;:&quot;classic&quot;,&quot;animation&quot;:&quot;fadeInUp&quot;}\">\n\t\t\t\t<div class=\"elementor-element elementor-element-7cd6ebe0 elementor-widget__width-initial elementor-widget elementor-widget-image\" data-id=\"7cd6ebe0\" data-element_type=\"widget\" data-e-type=\"widget\" data-widget_type=\"image.default\">\n\t\t\t\t\t\t\t\t\t\t\t\t\t\t\t<img decoding=\"async\" width=\"690\" height=\"793\" src=\"https:\/\/fondationbernaar.org\/wp-content\/uploads\/2026\/04\/Medeline-St-Hilaire-e1775660188138.jpg\" class=\"attachment-full size-full wp-image-1119\" alt=\"\" srcset=\"https:\/\/fondationbernaar.org\/wp-content\/uploads\/2026\/04\/Medeline-St-Hilaire-e1775660188138.jpg 690w, https:\/\/fondationbernaar.org\/wp-content\/uploads\/2026\/04\/Medeline-St-Hilaire-e1775660188138-261x300.jpg 261w\" sizes=\"(max-width: 690px) 100vw, 690px\" \/>\t\t\t\t\t\t\t\t\t\t\t\t\t\t\t<\/div>\n\t\t\t\t<div class=\"elementor-element elementor-element-61fa6297 elementor-widget elementor-widget-image-box\" data-id=\"61fa6297\" data-element_type=\"widget\" data-e-type=\"widget\" data-widget_type=\"image-box.default\">\n\t\t\t\t\t<div class=\"elementor-image-box-wrapper\"><div class=\"elementor-image-box-content\"><h5 class=\"elementor-image-box-title\">M\u00e9deline ST HILAIRE<\/h5><p class=\"elementor-image-box-description\">Tr\u00e9sorier<\/p><\/div><\/div>\t\t\t\t<\/div>\n\t\t\t\t<div class=\"elementor-element elementor-element-769bb8b7 elementor-widget elementor-widget-heading\" data-id=\"769bb8b7\" data-element_type=\"widget\" data-e-type=\"widget\" data-widget_type=\"heading.default\">\n\t\t\t\t\t<p class=\"elementor-heading-title elementor-size-default\">N\u00e9e le 22 Ao\u00fbt 1997\n<br>M\u00e9morand en Sciences Comptables<\/p>\t\t\t\t<\/div>\n\t\t\t\t<div class=\"elementor-element elementor-element-62f21080 elementor-button-success elementor-widget elementor-widget-button\" data-id=\"62f21080\" data-element_type=\"widget\" data-e-type=\"widget\" data-widget_type=\"button.default\">\n\t\t\t\t\t\t\t\t\t\t<a class=\"elementor-button elementor-button-link elementor-size-sm\" href=\"https:\/\/www.linkedin.com\/in\/m%C3%A9deline-st-hilaire-74958b273\/\">\n\t\t\t\t\t\t<span class=\"elementor-button-content-wrapper\">\n\t\t\t\t\t\t\t\t\t<span class=\"elementor-button-text\">Voir plus...<\/span>\n\t\t\t\t\t<\/span>\n\t\t\t\t\t<\/a>\n\t\t\t\t\t\t\t\t<\/div>\n\t\t\t\t<\/div>\n\t\t\t\t<\/div>\n\t\t<div class=\"elementor-element elementor-element-420ade90 e-con-full e-flex e-con e-child\" data-id=\"420ade90\" data-element_type=\"container\" data-e-type=\"container\">\n\t\t<div class=\"elementor-element elementor-element-7cd4897a animated-fast e-con-full e-flex elementor-invisible e-con e-child\" data-id=\"7cd4897a\" data-element_type=\"container\" data-e-type=\"container\" data-settings=\"{&quot;background_background&quot;:&quot;classic&quot;,&quot;animation&quot;:&quot;fadeInUp&quot;}\">\n\t\t\t\t<div class=\"elementor-element elementor-element-601a38e5 elementor-widget__width-initial elementor-widget elementor-widget-image\" data-id=\"601a38e5\" data-element_type=\"widget\" data-e-type=\"widget\" data-widget_type=\"image.default\">\n\t\t\t\t\t\t\t\t\t\t\t\t\t\t\t<img loading=\"lazy\" decoding=\"async\" width=\"1620\" height=\"1780\" src=\"https:\/\/fondationbernaar.org\/wp-content\/uploads\/2026\/04\/Lonese-MERONE-scaled-e1775660891582.jpeg\" class=\"attachment-full size-full wp-image-1126\" alt=\"\" srcset=\"https:\/\/fondationbernaar.org\/wp-content\/uploads\/2026\/04\/Lonese-MERONE-scaled-e1775660891582.jpeg 1620w, https:\/\/fondationbernaar.org\/wp-content\/uploads\/2026\/04\/Lonese-MERONE-scaled-e1775660891582-273x300.jpeg 273w, https:\/\/fondationbernaar.org\/wp-content\/uploads\/2026\/04\/Lonese-MERONE-scaled-e1775660891582-932x1024.jpeg 932w, https:\/\/fondationbernaar.org\/wp-content\/uploads\/2026\/04\/Lonese-MERONE-scaled-e1775660891582-768x844.jpeg 768w, https:\/\/fondationbernaar.org\/wp-content\/uploads\/2026\/04\/Lonese-MERONE-scaled-e1775660891582-1398x1536.jpeg 1398w\" sizes=\"(max-width: 1620px) 100vw, 1620px\" \/>\t\t\t\t\t\t\t\t\t\t\t\t\t\t\t<\/div>\n\t\t\t\t<div class=\"elementor-element elementor-element-21a9c855 elementor-widget elementor-widget-image-box\" data-id=\"21a9c855\" data-element_type=\"widget\" data-e-type=\"widget\" data-widget_type=\"image-box.default\">\n\t\t\t\t\t<div class=\"elementor-image-box-wrapper\"><div class=\"elementor-image-box-content\"><h5 class=\"elementor-image-box-title\">Lon\u00e8se MERONE<\/h5><p class=\"elementor-image-box-description\">Secr\u00e9taire<\/p><\/div><\/div>\t\t\t\t<\/div>\n\t\t\t\t<div class=\"elementor-element elementor-element-2f3b472e elementor-widget elementor-widget-heading\" data-id=\"2f3b472e\" data-element_type=\"widget\" data-e-type=\"widget\" data-widget_type=\"heading.default\">\n\t\t\t\t\t<p class=\"elementor-heading-title elementor-size-default\">N\u00e9e \u00e0 Roseaux(Grand'Anse), le 17 Mai 1998\n<br>Assistance Administrative, Communication et Anglais (en cours)\n\n<br>Agent de protocole dans APPART (Agence de Protocole et de Promotion Artistique)<\/p>\t\t\t\t<\/div>\n\t\t\t\t<div class=\"elementor-element elementor-element-146874c9 elementor-button-success elementor-widget elementor-widget-button\" data-id=\"146874c9\" data-element_type=\"widget\" data-e-type=\"widget\" data-widget_type=\"button.default\">\n\t\t\t\t\t\t\t\t\t\t<a class=\"elementor-button elementor-button-link elementor-size-sm\" href=\"https:\/\/www.linkedin.com\/in\/lon%C3%A8se-merone-37a5b624a\/\">\n\t\t\t\t\t\t<span class=\"elementor-button-content-wrapper\">\n\t\t\t\t\t\t\t\t\t<span class=\"elementor-button-text\">Voir plus...<\/span>\n\t\t\t\t\t<\/span>\n\t\t\t\t\t<\/a>\n\t\t\t\t\t\t\t\t<\/div>\n\t\t\t\t<\/div>\n\t\t<div class=\"elementor-element elementor-element-134ffb17 animated-fast e-con-full e-flex elementor-invisible e-con e-child\" data-id=\"134ffb17\" data-element_type=\"container\" data-e-type=\"container\" data-settings=\"{&quot;background_background&quot;:&quot;classic&quot;,&quot;animation&quot;:&quot;fadeInUp&quot;}\">\n\t\t\t\t<div class=\"elementor-element elementor-element-3e05c703 elementor-widget__width-initial elementor-widget elementor-widget-image\" data-id=\"3e05c703\" data-element_type=\"widget\" data-e-type=\"widget\" data-widget_type=\"image.default\">\n\t\t\t\t\t\t\t\t\t\t\t\t\t\t\t<img loading=\"lazy\" decoding=\"async\" width=\"1241\" height=\"1190\" src=\"https:\/\/fondationbernaar.org\/wp-content\/uploads\/2026\/04\/bdb31a18-91cf-4411-ae00-93a1305d65fc-1.jpg\" class=\"attachment-full size-full wp-image-1505\" alt=\"\" srcset=\"https:\/\/fondationbernaar.org\/wp-content\/uploads\/2026\/04\/bdb31a18-91cf-4411-ae00-93a1305d65fc-1.jpg 1241w, https:\/\/fondationbernaar.org\/wp-content\/uploads\/2026\/04\/bdb31a18-91cf-4411-ae00-93a1305d65fc-1-300x288.jpg 300w, https:\/\/fondationbernaar.org\/wp-content\/uploads\/2026\/04\/bdb31a18-91cf-4411-ae00-93a1305d65fc-1-1024x982.jpg 1024w, https:\/\/fondationbernaar.org\/wp-content\/uploads\/2026\/04\/bdb31a18-91cf-4411-ae00-93a1305d65fc-1-768x736.jpg 768w, https:\/\/fondationbernaar.org\/wp-content\/uploads\/2026\/04\/bdb31a18-91cf-4411-ae00-93a1305d65fc-1-13x12.jpg 13w, https:\/\/fondationbernaar.org\/wp-content\/uploads\/2026\/04\/bdb31a18-91cf-4411-ae00-93a1305d65fc-1-600x575.jpg 600w\" sizes=\"(max-width: 1241px) 100vw, 1241px\" \/>\t\t\t\t\t\t\t\t\t\t\t\t\t\t\t<\/div>\n\t\t\t\t<div class=\"elementor-element elementor-element-6b133076 elementor-widget elementor-widget-image-box\" data-id=\"6b133076\" data-element_type=\"widget\" data-e-type=\"widget\" data-widget_type=\"image-box.default\">\n\t\t\t\t\t<div class=\"elementor-image-box-wrapper\"><div class=\"elementor-image-box-content\"><h5 class=\"elementor-image-box-title\">Joe Smart Brun<\/h5><p class=\"elementor-image-box-description\">Responsable de pr\u00e9servation du patrimoine\nculturel<\/p><\/div><\/div>\t\t\t\t<\/div>\n\t\t\t\t<div class=\"elementor-element elementor-element-16208fbb elementor-widget elementor-widget-heading\" data-id=\"16208fbb\" data-element_type=\"widget\" data-e-type=\"widget\" data-widget_type=\"heading.default\">\n\t\t\t\t\t<p class=\"elementor-heading-title elementor-size-default\">N\u00e9 le 13 mai 1993 \u00e0 Port-au-Prince\n<br>Titulaire d'un double dipl\u00f4me de master en communication et marketing de l'Universit\u00e9 Mohammed Premier Oujda (UMP) au Maroc et l'Ecole Sup\u00e9rieure d'Infotronique d'Ha\u00efti (ESIH)\n<br>Licence en histoire de l'Universit\u00e9 d'Etat d'Ha\u00efti (UEH)\n<br>Professeur des Universit\u00e9s<\/p>\t\t\t\t<\/div>\n\t\t\t\t<div class=\"elementor-element elementor-element-560401db elementor-button-success elementor-widget elementor-widget-button\" data-id=\"560401db\" data-element_type=\"widget\" data-e-type=\"widget\" data-widget_type=\"button.default\">\n\t\t\t\t\t\t\t\t\t\t<a class=\"elementor-button elementor-button-link elementor-size-sm\" href=\"https:\/\/fondationbernaar.org\/#\">\n\t\t\t\t\t\t<span class=\"elementor-button-content-wrapper\">\n\t\t\t\t\t\t\t\t\t<span class=\"elementor-button-text\">Voir plus...<\/span>\n\t\t\t\t\t<\/span>\n\t\t\t\t\t<\/a>\n\t\t\t\t\t\t\t\t<\/div>\n\t\t\t\t<\/div>\n\t\t<div class=\"elementor-element elementor-element-404baf42 animated-fast e-con-full e-flex elementor-invisible e-con e-child\" data-id=\"404baf42\" data-element_type=\"container\" data-e-type=\"container\" data-settings=\"{&quot;background_background&quot;:&quot;classic&quot;,&quot;animation&quot;:&quot;fadeInUp&quot;}\">\n\t\t\t\t<div class=\"elementor-element elementor-element-123ecdfd elementor-widget__width-initial elementor-widget elementor-widget-image\" data-id=\"123ecdfd\" data-element_type=\"widget\" data-e-type=\"widget\" data-widget_type=\"image.default\">\n\t\t\t\t\t\t\t\t\t\t\t\t\t\t\t<img loading=\"lazy\" decoding=\"async\" width=\"1978\" height=\"1682\" src=\"https:\/\/fondationbernaar.org\/wp-content\/uploads\/2026\/04\/Artboard-1-scaled-e1776008903117.jpg\" class=\"attachment-full size-full wp-image-978\" alt=\"\" srcset=\"https:\/\/fondationbernaar.org\/wp-content\/uploads\/2026\/04\/Artboard-1-scaled-e1776008903117.jpg 1978w, https:\/\/fondationbernaar.org\/wp-content\/uploads\/2026\/04\/Artboard-1-scaled-e1776008903117-300x255.jpg 300w, https:\/\/fondationbernaar.org\/wp-content\/uploads\/2026\/04\/Artboard-1-scaled-e1776008903117-1024x871.jpg 1024w, https:\/\/fondationbernaar.org\/wp-content\/uploads\/2026\/04\/Artboard-1-scaled-e1776008903117-768x653.jpg 768w, https:\/\/fondationbernaar.org\/wp-content\/uploads\/2026\/04\/Artboard-1-scaled-e1776008903117-1536x1306.jpg 1536w, https:\/\/fondationbernaar.org\/wp-content\/uploads\/2026\/04\/Artboard-1-scaled-e1776008903117-14x12.jpg 14w, https:\/\/fondationbernaar.org\/wp-content\/uploads\/2026\/04\/Artboard-1-scaled-e1776008903117-600x510.jpg 600w\" sizes=\"(max-width: 1978px) 100vw, 1978px\" \/>\t\t\t\t\t\t\t\t\t\t\t\t\t\t\t<\/div>\n\t\t\t\t<div class=\"elementor-element elementor-element-209de939 elementor-widget elementor-widget-image-box\" data-id=\"209de939\" data-element_type=\"widget\" data-e-type=\"widget\" data-widget_type=\"image-box.default\">\n\t\t\t\t\t<div class=\"elementor-image-box-wrapper\"><div class=\"elementor-image-box-content\"><h5 class=\"elementor-image-box-title\">Jean Beeroth CORNEILLE<\/h5><p class=\"elementor-image-box-description\">Responsable de multim\u00e9dia et de vulgarisation<\/p><\/div><\/div>\t\t\t\t<\/div>\n\t\t\t\t<div class=\"elementor-element elementor-element-34a93c25 elementor-widget elementor-widget-heading\" data-id=\"34a93c25\" data-element_type=\"widget\" data-e-type=\"widget\" data-widget_type=\"heading.default\">\n\t\t\t\t\t<p class=\"elementor-heading-title elementor-size-default\">N\u00e9 \u00e0 Carrefour le 6 novembre 1998\n<br>Ing\u00e9nieur en informatique sp\u00e9cialis\u00e9 en d\u00e9veloppement web et design graphique, expert en communication digitale et branding.<\/p>\t\t\t\t<\/div>\n\t\t\t\t<div class=\"elementor-element elementor-element-1f0cdf8e elementor-button-success elementor-widget elementor-widget-button\" data-id=\"1f0cdf8e\" data-element_type=\"widget\" data-e-type=\"widget\" data-widget_type=\"button.default\">\n\t\t\t\t\t\t\t\t\t\t<a class=\"elementor-button elementor-button-link elementor-size-sm\" href=\"https:\/\/www.linkedin.com\/in\/corneille-jean-beeroth-408b98225\/\">\n\t\t\t\t\t\t<span class=\"elementor-button-content-wrapper\">\n\t\t\t\t\t\t\t\t\t<span class=\"elementor-button-text\">Voir plus...<\/span>\n\t\t\t\t\t<\/span>\n\t\t\t\t\t<\/a>\n\t\t\t\t\t\t\t\t<\/div>\n\t\t\t\t<\/div>\n\t\t\t\t<\/div>\n\t\t\t\t\t<\/div>\n\t\t\t\t<\/div>\n\t\t\t\t<\/div>","protected":false},"excerpt":{"rendered":"<p>A propos de la Fondation BERNAAR La Fondation Bernaar est une organisation \u00e0 vocation sociale et humanitaire engag\u00e9e dans le d\u00e9veloppement durable et l\u2019am\u00e9lioration des conditions de vie des communaut\u00e9s, particuli\u00e8rement en Ha\u00efti. Elle \u0153uvre principalement dans des domaines cl\u00e9s tels que l\u2019\u00e9ducation, la sant\u00e9, l\u2019accompagnement des jeunes et l\u2019autonomisation \u00e9conomique. \u00c0 travers ses initiatives, [&hellip;]<\/p>\n","protected":false},"author":1,"featured_media":0,"parent":0,"menu_order":0,"comment_status":"closed","ping_status":"closed","template":"","meta":{"footnotes":""},"class_list":["post-16","page","type-page","status-publish","hentry"],"_hostinger_reach_plugin_has_subscription_block":false,"_hostinger_reach_plugin_is_elementor":false,"_links":{"self":[{"href":"https:\/\/fondationbernaar.org\/ht\/wp-json\/wp\/v2\/pages\/16","targetHints":{"allow":["GET"]}}],"collection":[{"href":"https:\/\/fondationbernaar.org\/ht\/wp-json\/wp\/v2\/pages"}],"about":[{"href":"https:\/\/fondationbernaar.org\/ht\/wp-json\/wp\/v2\/types\/page"}],"author":[{"embeddable":true,"href":"https:\/\/fondationbernaar.org\/ht\/wp-json\/wp\/v2\/users\/1"}],"replies":[{"embeddable":true,"href":"https:\/\/fondationbernaar.org\/ht\/wp-json\/wp\/v2\/comments?post=16"}],"version-history":[{"count":61,"href":"https:\/\/fondationbernaar.org\/ht\/wp-json\/wp\/v2\/pages\/16\/revisions"}],"predecessor-version":[{"id":1537,"href":"https:\/\/fondationbernaar.org\/ht\/wp-json\/wp\/v2\/pages\/16\/revisions\/1537"}],"wp:attachment":[{"href":"https:\/\/fondationbernaar.org\/ht\/wp-json\/wp\/v2\/media?parent=16"}],"curies":[{"name":"wp","href":"https:\/\/api.w.org\/{rel}","templated":true}]}}