{"id":18,"date":"2026-03-20T16:14:10","date_gmt":"2026-03-20T16:14:10","guid":{"rendered":"https:\/\/fondationbernaar.org\/?page_id=18"},"modified":"2026-04-09T17:18:39","modified_gmt":"2026-04-09T17:18:39","slug":"domaine-dintervention","status":"publish","type":"page","link":"https:\/\/fondationbernaar.org\/ht\/domaine-dintervention\/","title":{"rendered":"Dom\u00e8n ent\u00e8vansyon"},"content":{"rendered":"<div data-elementor-type=\"wp-page\" data-elementor-id=\"18\" class=\"elementor elementor-18\" data-elementor-post-type=\"page\">\n\t\t\t\t<div class=\"elementor-element elementor-element-778de90f e-flex e-con-boxed e-con e-parent\" data-id=\"778de90f\" data-element_type=\"container\" data-e-type=\"container\">\n\t\t\t\t\t<div class=\"e-con-inner\">\n\t\t<div class=\"elementor-element elementor-element-40c48a83 e-con-full e-flex e-con e-child\" data-id=\"40c48a83\" data-element_type=\"container\" data-e-type=\"container\">\n\t\t\t\t<div class=\"elementor-element elementor-element-1205b4b4 elementor-widget elementor-widget-heading\" data-id=\"1205b4b4\" data-element_type=\"widget\" data-e-type=\"widget\" data-widget_type=\"heading.default\">\n\t\t\t\t\t<h1 class=\"elementor-heading-title elementor-size-default\"><b> Dom\u00e8n ent\u00e8vansyon<\/b><\/h1>\t\t\t\t<\/div>\n\t\t\t\t<\/div>\n\t\t<div class=\"elementor-element elementor-element-6f072848 e-grid e-con-full e-con e-child\" data-id=\"6f072848\" data-element_type=\"container\" data-e-type=\"container\">\n\t\t<div class=\"elementor-element elementor-element-17beb7d7 e-con-full e-flex e-con e-child\" data-id=\"17beb7d7\" data-element_type=\"container\" data-e-type=\"container\">\n\t\t\t\t<div class=\"elementor-element elementor-element-559b1b97 elementor-widget__width-auto elementor-widget elementor-widget-heading\" data-id=\"559b1b97\" data-element_type=\"widget\" data-e-type=\"widget\" data-widget_type=\"heading.default\">\n\t\t\t\t\t<span class=\"elementor-heading-title elementor-size-default\">1<\/span>\t\t\t\t<\/div>\n\t\t\t\t<div class=\"elementor-element elementor-element-14d4e34f elementor-widget elementor-widget-heading\" data-id=\"14d4e34f\" data-element_type=\"widget\" data-e-type=\"widget\" data-widget_type=\"heading.default\">\n\t\t\t\t\t<h2 class=\"elementor-heading-title elementor-size-default\">Sante<\/h2>\t\t\t\t<\/div>\n\t\t\t\t<div class=\"elementor-element elementor-element-aac0a94 elementor-widget elementor-widget-heading\" data-id=\"aac0a94\" data-element_type=\"widget\" data-e-type=\"widget\" data-widget_type=\"heading.default\">\n\t\t\t\t\t<h2 class=\"elementor-heading-title elementor-size-default\">Lit kont kans\u00e8<\/h2>\t\t\t\t<\/div>\n\t\t\t\t<div class=\"elementor-element elementor-element-476c7116 elementor-widget elementor-widget-heading\" data-id=\"476c7116\" data-element_type=\"widget\" data-e-type=\"widget\" data-widget_type=\"heading.default\">\n\t\t\t\t\t<p class=\"elementor-heading-title elementor-size-default\"><a href=\"https:\/\/fondationbernaar.org\/clinique-du-cancer-saint-francois-de-sales-ccsfs\/\">Klinik Kans\u00e8 Sen Franswa Sal<\/a><\/p>\t\t\t\t<\/div>\n\t\t\t\t<div class=\"elementor-element elementor-element-2e3b6518 elementor-widget elementor-widget-heading\" data-id=\"2e3b6518\" data-element_type=\"widget\" data-e-type=\"widget\" data-widget_type=\"heading.default\">\n\t\t\t\t\t<p class=\"elementor-heading-title elementor-size-default\"><a href=\"https:\/\/fondationbernaar.org\/clinique-du-cancer-saint-peregrin-ccsp\/\">Klinik Kans\u00e8 Sen Peregren<\/a><\/p>\t\t\t\t<\/div>\n\t\t\t\t<div class=\"elementor-element elementor-element-3c77d556 elementor-widget elementor-widget-heading\" data-id=\"3c77d556\" data-element_type=\"widget\" data-e-type=\"widget\" data-widget_type=\"heading.default\">\n\t\t\t\t\t<h2 class=\"elementor-heading-title elementor-size-default\">Acc\u00e8s aux Medicaments essentiels<\/h2>\t\t\t\t<\/div>\n\t\t\t\t<div class=\"elementor-element elementor-element-559ea86d elementor-widget elementor-widget-heading\" data-id=\"559ea86d\" data-element_type=\"widget\" data-e-type=\"widget\" data-widget_type=\"heading.default\">\n\t\t\t\t\t<p class=\"elementor-heading-title elementor-size-default\">Projet Medok Haiti<\/p>\t\t\t\t<\/div>\n\t\t\t\t<div class=\"elementor-element elementor-element-60ae049e elementor-widget elementor-widget-heading\" data-id=\"60ae049e\" data-element_type=\"widget\" data-e-type=\"widget\" data-widget_type=\"heading.default\">\n\t\t\t\t\t<h2 class=\"elementor-heading-title elementor-size-default\">Sant\u00e9 mentale<\/h2>\t\t\t\t<\/div>\n\t\t\t\t<div class=\"elementor-element elementor-element-749e56fc elementor-widget elementor-widget-heading\" data-id=\"749e56fc\" data-element_type=\"widget\" data-e-type=\"widget\" data-widget_type=\"heading.default\">\n\t\t\t\t\t<h2 class=\"elementor-heading-title elementor-size-default\">Education et sensibilisation<\/h2>\t\t\t\t<\/div>\n\t\t\t\t<div class=\"elementor-element elementor-element-7130cdb5 elementor-widget elementor-widget-heading\" data-id=\"7130cdb5\" data-element_type=\"widget\" data-e-type=\"widget\" data-widget_type=\"heading.default\">\n\t\t\t\t\t<p class=\"elementor-heading-title elementor-size-default\"><a href=\"https:\/\/www.researchgate.net\/profile\/Joseph-Bernard-2?ev=hdr_xprf\">Articles m\u00e9dicaux<\/a><\/p>\t\t\t\t<\/div>\n\t\t\t\t<div class=\"elementor-element elementor-element-6a9b21cf elementor-widget elementor-widget-heading\" data-id=\"6a9b21cf\" data-element_type=\"widget\" data-e-type=\"widget\" data-widget_type=\"heading.default\">\n\t\t\t\t\t<p class=\"elementor-heading-title elementor-size-default\"><a href=\"https:\/\/www.amazon.com\/march%C3%A9-ha%C3%AFtien-m%C3%A9dicaments-%20Historique-%20organisation\/dp\/999704214X\/ref=sr_1_1?crid=34BHUCEQC33KU&#038;dib=eyJ2IjoiMSJ9.2%20gXBYobODWJsBqE980OEwA.XblY1EfniNVO6PkR7TOv_DlkFdlGKRKx_LRzarIB2jA&#038;di%20b_tag=se&#038;keywords=Le+marche+haitien+des+medicaments&#038;qid=1775391507&#038;sprefix%20=le+marche+haitien+des+medicaments+%2Caps%2C272&#038;sr=8-1\">Le march\u00e9 ha\u00eftien des m\u00e9dicaments (2014)<\/a><\/p>\t\t\t\t<\/div>\n\t\t\t\t<\/div>\n\t\t<div class=\"elementor-element elementor-element-302226ee e-con-full e-flex e-con e-child\" data-id=\"302226ee\" data-element_type=\"container\" data-e-type=\"container\">\n\t\t<div class=\"elementor-element elementor-element-698f1c1b e-con-full e-flex e-con e-child\" data-id=\"698f1c1b\" data-element_type=\"container\" data-e-type=\"container\">\n\t\t\t\t<div class=\"elementor-element elementor-element-47b8bab5 elementor-widget__width-auto elementor-widget elementor-widget-heading\" data-id=\"47b8bab5\" data-element_type=\"widget\" data-e-type=\"widget\" data-widget_type=\"heading.default\">\n\t\t\t\t\t<span class=\"elementor-heading-title elementor-size-default\">2<\/span>\t\t\t\t<\/div>\n\t\t\t\t<div class=\"elementor-element elementor-element-36010d67 elementor-widget elementor-widget-heading\" data-id=\"36010d67\" data-element_type=\"widget\" data-e-type=\"widget\" data-widget_type=\"heading.default\">\n\t\t\t\t\t<h2 class=\"elementor-heading-title elementor-size-default\">Education<\/h2>\t\t\t\t<\/div>\n\t\t\t\t<div class=\"elementor-element elementor-element-358594f0 elementor-widget elementor-widget-heading\" data-id=\"358594f0\" data-element_type=\"widget\" data-e-type=\"widget\" data-widget_type=\"heading.default\">\n\t\t\t\t\t<h2 class=\"elementor-heading-title elementor-size-default\">Bourses d\u2019\u00e9tudes<\/h2>\t\t\t\t<\/div>\n\t\t\t\t<div class=\"elementor-element elementor-element-68398c42 elementor-widget elementor-widget-heading\" data-id=\"68398c42\" data-element_type=\"widget\" data-e-type=\"widget\" data-widget_type=\"heading.default\">\n\t\t\t\t\t<h2 class=\"elementor-heading-title elementor-size-default\">Recherche et d\u00e9veloppement<\/h2>\t\t\t\t<\/div>\n\t\t\t\t<\/div>\n\t\t\t\t<\/div>\n\t\t<div class=\"elementor-element elementor-element-2b55816 e-con-full e-flex e-con e-child\" data-id=\"2b55816\" data-element_type=\"container\" data-e-type=\"container\">\n\t\t<div class=\"elementor-element elementor-element-5bb1f1 e-con-full e-flex e-con e-child\" data-id=\"5bb1f1\" data-element_type=\"container\" data-e-type=\"container\">\n\t\t\t\t<div class=\"elementor-element elementor-element-214af40e elementor-widget__width-auto elementor-widget elementor-widget-heading\" data-id=\"214af40e\" data-element_type=\"widget\" data-e-type=\"widget\" data-widget_type=\"heading.default\">\n\t\t\t\t\t<span class=\"elementor-heading-title elementor-size-default\">3<\/span>\t\t\t\t<\/div>\n\t\t\t\t<div class=\"elementor-element elementor-element-291dc94a elementor-widget elementor-widget-heading\" data-id=\"291dc94a\" data-element_type=\"widget\" data-e-type=\"widget\" data-widget_type=\"heading.default\">\n\t\t\t\t\t<h2 class=\"elementor-heading-title elementor-size-default\">Histoire d\u2019Hayti<\/h2>\t\t\t\t<\/div>\n\t\t<div class=\"elementor-element elementor-element-7e60f2b0 e-con-full e-flex e-con e-child\" data-id=\"7e60f2b0\" data-element_type=\"container\" data-e-type=\"container\">\n\t\t\t\t<div class=\"elementor-element elementor-element-2a9e8c56 elementor-widget elementor-widget-heading\" data-id=\"2a9e8c56\" data-element_type=\"widget\" data-e-type=\"widget\" data-widget_type=\"heading.default\">\n\t\t\t\t\t<h2 class=\"elementor-heading-title elementor-size-default\">Aide \u00e0 la publication scientifique<\/h2>\t\t\t\t<\/div>\n\t\t\t\t<div class=\"elementor-element elementor-element-d01cba9 elementor-widget elementor-widget-heading\" data-id=\"d01cba9\" data-element_type=\"widget\" data-e-type=\"widget\" data-widget_type=\"heading.default\">\n\t\t\t\t\t<p class=\"elementor-heading-title elementor-size-default\">Articles<\/p>\t\t\t\t<\/div>\n\t\t\t\t<\/div>\n\t\t<div class=\"elementor-element elementor-element-35da9cee e-con-full e-flex e-con e-child\" data-id=\"35da9cee\" data-element_type=\"container\" data-e-type=\"container\">\n\t\t\t\t<div class=\"elementor-element elementor-element-5fbbf69a elementor-widget elementor-widget-heading\" data-id=\"5fbbf69a\" data-element_type=\"widget\" data-e-type=\"widget\" data-widget_type=\"heading.default\">\n\t\t\t\t\t<h2 class=\"elementor-heading-title elementor-size-default\">Ouvrages d\u2019histoire<\/h2>\t\t\t\t<\/div>\n\t\t\t\t<div class=\"elementor-element elementor-element-8687755 elementor-widget elementor-widget-heading\" data-id=\"8687755\" data-element_type=\"widget\" data-e-type=\"widget\" data-widget_type=\"heading.default\">\n\t\t\t\t\t<p class=\"elementor-heading-title elementor-size-default\"><a href=\"https:\/\/www.amazon.com\/Histoire-colonie-allemande-dHa%C3%AFti-%20Geschichte\/dp\/9993579920\/ref=sr_1_1?crid=WSZV9WOFD3DF&#038;dib=eyJ2IjoiMSJ9.GIIl%20ymVJ5uJ_lAhwK0X2rA.1whSCUd5MXvKck6bMl2gyaX5Jc2BZOCp_tCkf4ItltM&#038;dib_tag%20=se&#038;keywords=histoire+de+la+colonie+allemande+d%27Haiti&#038;qid=1775391233&#038;sprefi%20x=histoire+de+la+colonie+allemande+d%27haiti%2Caps%2C133&#038;sr=8-1\">Histoire de la colonie allemande d\u2019Haiti (2009, 2011)<\/a><\/p>\t\t\t\t<\/div>\n\t\t\t\t<div class=\"elementor-element elementor-element-1ce02bd4 elementor-widget elementor-widget-heading\" data-id=\"1ce02bd4\" data-element_type=\"widget\" data-e-type=\"widget\" data-widget_type=\"heading.default\">\n\t\t\t\t\t<p class=\"elementor-heading-title elementor-size-default\"><a href=\"#\">Histoire des colonies arabe et juive d\u2019Haiti (2010)<\/a><\/p>\t\t\t\t<\/div>\n\t\t\t\t<div class=\"elementor-element elementor-element-33a820f elementor-widget elementor-widget-heading\" data-id=\"33a820f\" data-element_type=\"widget\" data-e-type=\"widget\" data-widget_type=\"heading.default\">\n\t\t\t\t\t<p class=\"elementor-heading-title elementor-size-default\"><a href=\"#\">Histoire de la colonie italienne d\u2019Haiti (2011)<\/a><\/p>\t\t\t\t<\/div>\n\t\t\t\t<div class=\"elementor-element elementor-element-16cf2168 elementor-widget elementor-widget-heading\" data-id=\"16cf2168\" data-element_type=\"widget\" data-e-type=\"widget\" data-widget_type=\"heading.default\">\n\t\t\t\t\t<p class=\"elementor-heading-title elementor-size-default\"><a href=\"https:\/\/www.amazon.com\/Histoire-Juive-dHaiti-Joseph-%20Bernard\/dp\/9993574317\/ref=sr_1_1?crid=3PIIXC43X44MO&#038;dib=eyJ2IjoiMSJ9.WdH0SI%20QqQPOiJfYmYD_erMNRKqijVsd1Bj7DFU859iolQEp7d8RRSyh79sF9sTDeuHo2CBUB%207PCKRthDJaEcfR0SwKAj_fXki7eAD8rBDWI.InrAbgjwKv1PaHQGwYkSy0t1qTHyZDeS%20mtdlyw7mOzs&#038;dib_tag=se&#038;keywords=histoire+juive+d%27Haiti&#038;qid=1775391323&#038;spr%20efix=histoire+juive+d%27haiti%2Caps%2C178&#038;sr=8-1\">Histoire juive d\u2019Haiti (2012)<\/a><\/p>\t\t\t\t<\/div>\n\t\t\t\t<div class=\"elementor-element elementor-element-dc17936 elementor-widget elementor-widget-heading\" data-id=\"dc17936\" data-element_type=\"widget\" data-e-type=\"widget\" data-widget_type=\"heading.default\">\n\t\t\t\t\t<p class=\"elementor-heading-title elementor-size-default\"><a href=\"https:\/\/www.amazon.com\/Hayti-linfluence-Etats-Unis-dAm%C3%A9rique-%20Reconnaissance\/dp\/9993574309\/ref=sr_1_1?crid=1I2SMSSB2L0JJ&#038;dib=eyJ2IjoiMSJ9.%20VrfiV5oyCKtMIQiBDP3dog.C9zCBmiiNv57n6bmo1iBizQqJW5Iczr1lZFH1WoafD0&#038;dib_t%20%20ag=se&#038;keywords=Hayti+et+l%27influence+des+Etats-%20Unis+d%27Amerique&#038;qid=1775391439&#038;sprefix=hayti+et+l%27influence+des+etats-%20unis+d%27amerique%2Caps%2C159&#038;sr=8-1\">Hayti et l\u2019influence des Etats Unis d\u2019Am\u00e9rique, Tome 1 (2014)<\/a><\/p>\t\t\t\t<\/div>\n\t\t\t\t<div class=\"elementor-element elementor-element-38154bd2 elementor-widget elementor-widget-heading\" data-id=\"38154bd2\" data-element_type=\"widget\" data-e-type=\"widget\" data-widget_type=\"heading.default\">\n\t\t\t\t\t<p class=\"elementor-heading-title elementor-size-default\"><a href=\"#\">Hayti et l\u2019influence des Etats Unis d\u2019Am\u00e9rique, Tome 2 (2017)<\/a><\/p>\t\t\t\t<\/div>\n\t\t\t\t<div class=\"elementor-element elementor-element-43dabe30 elementor-widget elementor-widget-heading\" data-id=\"43dabe30\" data-element_type=\"widget\" data-e-type=\"widget\" data-widget_type=\"heading.default\">\n\t\t\t\t\t<p class=\"elementor-heading-title elementor-size-default\"><a href=\"https:\/\/www.amazon.com\/Haitis-Jewish-History-Joseph-%20Bernard\/dp\/B08TQ965QX\/ref=sr_1_1?crid=3IMFSJE83NZ0X&#038;dib=eyJ2IjoiMSJ9.YmSH%20pdq-%20DPWm_rxdBj0WEEv4o5lDhb76PbixmpBIbxLK_ZuzUbQRi1k2QboXiaJfryXTOCrrTDLe5%20oElI9W1VV1Qs8C2Agosefs4XYgGYJ3fWQXvGar0rCETU1Hp7qmlGdgFuXMBAt8SusN%20hNBphjbUVTOrh1URkI9NxFJqkUfbLbNop88QGVEq9SWJu_7stdifPyTEaGGMdXDxBlE%20PWpO0WQLj8-l5uTTl3lPKK0vDZCFmo0BfsRHff00Fot0nqKMZQVH7Ipz-%20VQMOD3xt_IFu-%20cyZKjxAcHxFPXB1aFyY.NQsE1xgzORWJPo3J7anHqfQ6sw6BN0jG5sml8Gys6-%20c&#038;dib_tag=se&#038;keywords=Haiti%27s+Jewish+history&#038;qid=1775391374&#038;sprefix=haiti%2%207s+jewish+history%2Caps%2C189&#038;sr=8-1\">Haiti\u2019s Jewish history (2021)<\/a><\/p>\t\t\t\t<\/div>\n\t\t\t\t<div class=\"elementor-element elementor-element-6c809392 elementor-widget elementor-widget-heading\" data-id=\"6c809392\" data-element_type=\"widget\" data-e-type=\"widget\" data-widget_type=\"heading.default\">\n\t\t\t\t\t<p class=\"elementor-heading-title elementor-size-default\"><a href=\"#\">G\u00e9n\u00e9alogie de la Famille Naar d\u2019Hayti (2026)<\/a><\/p>\t\t\t\t<\/div>\n\t\t\t\t<\/div>\n\t\t<div class=\"elementor-element elementor-element-2ef609ae e-con-full e-flex e-con e-child\" data-id=\"2ef609ae\" data-element_type=\"container\" data-e-type=\"container\">\n\t\t\t\t<div class=\"elementor-element elementor-element-6d21c303 elementor-widget elementor-widget-heading\" data-id=\"6d21c303\" data-element_type=\"widget\" data-e-type=\"widget\" data-widget_type=\"heading.default\">\n\t\t\t\t\t<h2 class=\"elementor-heading-title elementor-size-default\">Articles en ligne<\/h2>\t\t\t\t<\/div>\n\t\t\t\t<div class=\"elementor-element elementor-element-48604db1 elementor-widget elementor-widget-heading\" data-id=\"48604db1\" data-element_type=\"widget\" data-e-type=\"widget\" data-widget_type=\"heading.default\">\n\t\t\t\t\t<p class=\"elementor-heading-title elementor-size-default\"><a href=\"https:\/\/lenouvelliste.com\/article\/94989\/lheritage-polonais-dhaiti\">L\u2019h\u00e9ritage polonais d\u2019Haiti (2011)<\/a><\/p>\t\t\t\t<\/div>\n\t\t\t\t<div class=\"elementor-element elementor-element-4f30d677 elementor-widget elementor-widget-heading\" data-id=\"4f30d677\" data-element_type=\"widget\" data-e-type=\"widget\" data-widget_type=\"heading.default\">\n\t\t\t\t\t<p class=\"elementor-heading-title elementor-size-default\"><a href=\"https:\/\/lenouvelliste.com\/article\/133856\/haiti-et-la-premiere-guerre-mondiale\">Haiti et la Premi\u00e8re Guerre Mondiale (2014)<\/a><\/p>\t\t\t\t<\/div>\n\t\t\t\t<div class=\"elementor-element elementor-element-4fb99a51 elementor-widget elementor-widget-heading\" data-id=\"4fb99a51\" data-element_type=\"widget\" data-e-type=\"widget\" data-widget_type=\"heading.default\">\n\t\t\t\t\t<p class=\"elementor-heading-title elementor-size-default\"><a href=\"https:\/\/lenouvelliste.com\/article\/206496\/haiti-et-la-seconde-guerre-%20mondiale#google_vignette\">Haiti et la Seconde Guerre Mondiale (2019)<\/a><\/p>\t\t\t\t<\/div>\n\t\t\t\t<div class=\"elementor-element elementor-element-19b10f6 elementor-widget elementor-widget-heading\" data-id=\"19b10f6\" data-element_type=\"widget\" data-e-type=\"widget\" data-widget_type=\"heading.default\">\n\t\t\t\t\t<p class=\"elementor-heading-title elementor-size-default\"><a href=\"https:\/\/ayibopost.com\/emile-luders-haitien-ou-allemand\/\">Emile L\u00fcders, Ha\u00eftien ou Allemand\u00a0? (2022)<\/a><\/p>\t\t\t\t<\/div>\n\t\t\t\t<\/div>\n\t\t\t\t<\/div>\n\t\t\t\t<\/div>\n\t\t\t\t<\/div>\n\t\t<div class=\"elementor-element elementor-element-3d7176a8 e-grid e-con-full e-con e-child\" data-id=\"3d7176a8\" data-element_type=\"container\" data-e-type=\"container\">\n\t\t<div class=\"elementor-element elementor-element-75d70ea0 e-con-full e-flex e-con e-child\" data-id=\"75d70ea0\" data-element_type=\"container\" data-e-type=\"container\">\n\t\t\t\t<div class=\"elementor-element elementor-element-131ef21a elementor-widget__width-auto elementor-widget elementor-widget-heading\" data-id=\"131ef21a\" data-element_type=\"widget\" data-e-type=\"widget\" data-widget_type=\"heading.default\">\n\t\t\t\t\t<span class=\"elementor-heading-title elementor-size-default\">4<\/span>\t\t\t\t<\/div>\n\t\t\t\t<div class=\"elementor-element elementor-element-720cbe5a elementor-widget elementor-widget-heading\" data-id=\"720cbe5a\" data-element_type=\"widget\" data-e-type=\"widget\" data-widget_type=\"heading.default\">\n\t\t\t\t\t<h2 class=\"elementor-heading-title elementor-size-default\">Pr\u00e9servation du patrimoine national<\/h2>\t\t\t\t<\/div>\n\t\t\t\t<div class=\"elementor-element elementor-element-452aff04 elementor-widget elementor-widget-heading\" data-id=\"452aff04\" data-element_type=\"widget\" data-e-type=\"widget\" data-widget_type=\"heading.default\">\n\t\t\t\t\t<h2 class=\"elementor-heading-title elementor-size-default\">Archives<\/h2>\t\t\t\t<\/div>\n\t\t\t\t<div class=\"elementor-element elementor-element-6796ea1 elementor-widget elementor-widget-heading\" data-id=\"6796ea1\" data-element_type=\"widget\" data-e-type=\"widget\" data-widget_type=\"heading.default\">\n\t\t\t\t\t<h2 class=\"elementor-heading-title elementor-size-default\">Preservation de monuments historiques<\/h2>\t\t\t\t<\/div>\n\t\t\t\t<div class=\"elementor-element elementor-element-69a531e2 elementor-widget elementor-widget-heading\" data-id=\"69a531e2\" data-element_type=\"widget\" data-e-type=\"widget\" data-widget_type=\"heading.default\">\n\t\t\t\t\t<h2 class=\"elementor-heading-title elementor-size-default\">Pr\u00e9servation des cimeti\u00e8res<\/h2>\t\t\t\t<\/div>\n\t\t\t\t<div class=\"elementor-element elementor-element-6bb64e9b elementor-widget elementor-widget-heading\" data-id=\"6bb64e9b\" data-element_type=\"widget\" data-e-type=\"widget\" data-widget_type=\"heading.default\">\n\t\t\t\t\t<h2 class=\"elementor-heading-title elementor-size-default\">Environnement\/tourisme local<\/h2>\t\t\t\t<\/div>\n\t\t\t\t<div class=\"elementor-element elementor-element-169d92c2 elementor-widget elementor-widget-heading\" data-id=\"169d92c2\" data-element_type=\"widget\" data-e-type=\"widget\" data-widget_type=\"heading.default\">\n\t\t\t\t\t<h2 class=\"elementor-heading-title elementor-size-default\">H\u00e9ritage culturel<\/h2>\t\t\t\t<\/div>\n\t\t\t\t<div class=\"elementor-element elementor-element-22a8bc5d elementor-widget elementor-widget-heading\" data-id=\"22a8bc5d\" data-element_type=\"widget\" data-e-type=\"widget\" data-widget_type=\"heading.default\">\n\t\t\t\t\t<h2 class=\"elementor-heading-title elementor-size-default\">Mus\u00e9es<\/h2>\t\t\t\t<\/div>\n\t\t\t\t<\/div>\n\t\t<div class=\"elementor-element elementor-element-55aca171 e-con-full e-flex e-con e-child\" data-id=\"55aca171\" data-element_type=\"container\" data-e-type=\"container\">\n\t\t<div class=\"elementor-element elementor-element-e47f8ce e-con-full e-flex e-con e-child\" data-id=\"e47f8ce\" data-element_type=\"container\" data-e-type=\"container\">\n\t\t\t\t<div class=\"elementor-element elementor-element-1ab878af elementor-widget__width-auto elementor-widget elementor-widget-heading\" data-id=\"1ab878af\" data-element_type=\"widget\" data-e-type=\"widget\" data-widget_type=\"heading.default\">\n\t\t\t\t\t<span class=\"elementor-heading-title elementor-size-default\">5<\/span>\t\t\t\t<\/div>\n\t\t\t\t<div class=\"elementor-element elementor-element-1f1a16f2 elementor-widget elementor-widget-heading\" data-id=\"1f1a16f2\" data-element_type=\"widget\" data-e-type=\"widget\" data-widget_type=\"heading.default\">\n\t\t\t\t\t<h2 class=\"elementor-heading-title elementor-size-default\">Biblioth\u00e8que<\/h2>\t\t\t\t<\/div>\n\t\t\t\t<div class=\"elementor-element elementor-element-4c24d404 elementor-widget elementor-widget-heading\" data-id=\"4c24d404\" data-element_type=\"widget\" data-e-type=\"widget\" data-widget_type=\"heading.default\">\n\t\t\t\t\t<h2 class=\"elementor-heading-title elementor-size-default\">Biblioth\u00e8ques<\/h2>\t\t\t\t<\/div>\n\t\t\t\t<div class=\"elementor-element elementor-element-67bef753 elementor-widget elementor-widget-heading\" data-id=\"67bef753\" data-element_type=\"widget\" data-e-type=\"widget\" data-widget_type=\"heading.default\">\n\t\t\t\t\t<p class=\"elementor-heading-title elementor-size-default\"><a href=\"https:\/\/fondationbernaar.org\/centre-de-documentation-lilia-volel-naar\/\">Centre de documentation Lilia VOLEL NAAR<\/a><\/p>\t\t\t\t<\/div>\n\t\t\t\t<div class=\"elementor-element elementor-element-149a9a9b elementor-widget elementor-widget-heading\" data-id=\"149a9a9b\" data-element_type=\"widget\" data-e-type=\"widget\" data-widget_type=\"heading.default\">\n\t\t\t\t\t<p class=\"elementor-heading-title elementor-size-default\"><a href=\"https:\/\/fondationbernaar.org\/joseph-debussy-damier-2\/\">Collection Joseph D\u00e9bussy DAMIER<\/a><\/p>\t\t\t\t<\/div>\n\t\t\t\t<div class=\"elementor-element elementor-element-1b6a3dec elementor-widget elementor-widget-heading\" data-id=\"1b6a3dec\" data-element_type=\"widget\" data-e-type=\"widget\" data-widget_type=\"heading.default\">\n\t\t\t\t\t<h2 class=\"elementor-heading-title elementor-size-default\">M\u00e9diath\u00e8que<\/h2>\t\t\t\t<\/div>\n\t\t\t\t<div class=\"elementor-element elementor-element-d38423e elementor-widget elementor-widget-heading\" data-id=\"d38423e\" data-element_type=\"widget\" data-e-type=\"widget\" data-widget_type=\"heading.default\">\n\t\t\t\t\t<p class=\"elementor-heading-title elementor-size-default\">Acc\u00e8s aux archives \u00e9lectroniques\n\n<br>Conf\u00e9rences-d\u00e9bat\n\n<br>Ventes-signature\n\n<br>Projections\n\n<br>Expositions<\/p>\t\t\t\t<\/div>\n\t\t\t\t<\/div>\n\t\t\t\t<\/div>\n\t\t<div class=\"elementor-element elementor-element-45863048 e-con-full e-flex e-con e-child\" data-id=\"45863048\" data-element_type=\"container\" data-e-type=\"container\">\n\t\t<div class=\"elementor-element elementor-element-6a7a284c e-con-full e-flex e-con e-child\" data-id=\"6a7a284c\" data-element_type=\"container\" data-e-type=\"container\">\n\t\t\t\t<div class=\"elementor-element elementor-element-1fdeeb07 elementor-widget__width-auto elementor-widget elementor-widget-heading\" data-id=\"1fdeeb07\" data-element_type=\"widget\" data-e-type=\"widget\" data-widget_type=\"heading.default\">\n\t\t\t\t\t<span class=\"elementor-heading-title elementor-size-default\">6<\/span>\t\t\t\t<\/div>\n\t\t\t\t<div class=\"elementor-element elementor-element-1b4d17cd elementor-widget elementor-widget-heading\" data-id=\"1b4d17cd\" data-element_type=\"widget\" data-e-type=\"widget\" data-widget_type=\"heading.default\">\n\t\t\t\t\t<h2 class=\"elementor-heading-title elementor-size-default\">Sport<\/h2>\t\t\t\t<\/div>\n\t\t\t\t<div class=\"elementor-element elementor-element-758e15ac elementor-widget elementor-widget-heading\" data-id=\"758e15ac\" data-element_type=\"widget\" data-e-type=\"widget\" data-widget_type=\"heading.default\">\n\t\t\t\t\t<h2 class=\"elementor-heading-title elementor-size-default\">Soutien d\u2019activit\u00e9s sportives<\/h2>\t\t\t\t<\/div>\n\t\t\t\t<\/div>\n\t\t\t\t<\/div>\n\t\t\t\t<\/div>\n\t\t\t\t\t<\/div>\n\t\t\t\t<\/div>\n\t\t\t\t<\/div>","protected":false},"excerpt":{"rendered":"<p>Domaines d\u2019intervention 1 Sant\u00e9 Lutte contre le cancer Clinique du Cancer Saint Fran\u00e7ois de Sales (CCSFS) Clinique du Cancer Saint P\u00e9r\u00e9grin (CCSP) Acc\u00e8s aux Medicaments essentiels Projet Medok Haiti Sant\u00e9 mentale Education et sensibilisation Articles m\u00e9dicaux Le march\u00e9 ha\u00eftien des m\u00e9dicaments (2014) 2 Education Bourses d\u2019\u00e9tudes Recherche et d\u00e9veloppement 3 Histoire d\u2019Hayti Aide \u00e0 la [&hellip;]<\/p>\n","protected":false},"author":1,"featured_media":0,"parent":0,"menu_order":0,"comment_status":"closed","ping_status":"closed","template":"","meta":{"footnotes":""},"class_list":["post-18","page","type-page","status-publish","hentry"],"_hostinger_reach_plugin_has_subscription_block":false,"_hostinger_reach_plugin_is_elementor":false,"_links":{"self":[{"href":"https:\/\/fondationbernaar.org\/ht\/wp-json\/wp\/v2\/pages\/18","targetHints":{"allow":["GET"]}}],"collection":[{"href":"https:\/\/fondationbernaar.org\/ht\/wp-json\/wp\/v2\/pages"}],"about":[{"href":"https:\/\/fondationbernaar.org\/ht\/wp-json\/wp\/v2\/types\/page"}],"author":[{"embeddable":true,"href":"https:\/\/fondationbernaar.org\/ht\/wp-json\/wp\/v2\/users\/1"}],"replies":[{"embeddable":true,"href":"https:\/\/fondationbernaar.org\/ht\/wp-json\/wp\/v2\/comments?post=18"}],"version-history":[{"count":25,"href":"https:\/\/fondationbernaar.org\/ht\/wp-json\/wp\/v2\/pages\/18\/revisions"}],"predecessor-version":[{"id":1530,"href":"https:\/\/fondationbernaar.org\/ht\/wp-json\/wp\/v2\/pages\/18\/revisions\/1530"}],"wp:attachment":[{"href":"https:\/\/fondationbernaar.org\/ht\/wp-json\/wp\/v2\/media?parent=18"}],"curies":[{"name":"wp","href":"https:\/\/api.w.org\/{rel}","templated":true}]}}